{"id":814,"date":"2016-08-16T11:29:44","date_gmt":"2016-08-16T11:29:44","guid":{"rendered":"http:\/\/mycosmos.eu\/contacts\/"},"modified":"2023-02-21T16:35:03","modified_gmt":"2023-02-21T15:35:03","slug":"contact","status":"publish","type":"page","link":"https:\/\/mycosmos.eu\/fr\/contact\/","title":{"rendered":"Contact"},"content":{"rendered":"<h4 id=\"tw-target-text\" class=\"tw-data-text tw-ta tw-text-small\" dir=\"ltr\" style=\"text-align: center;\" data-placeholder=\"Translation\"><span lang=\"fr\">Recevez votre devis gratuit dans un d\u00e9lai de 1 jour ouvrable. <\/span><\/h4>\n<h4 class=\"tw-data-text tw-ta tw-text-small\" dir=\"ltr\" style=\"text-align: center;\" data-placeholder=\"Translation\"><span lang=\"fr\">Veuillez remplir les champs ci-dessous<\/span><\/h4>\n<p class=\"contact\" style=\"text-align: center;\">\n<div class=\"wpcf7 no-js\" id=\"wpcf7-f2706-o1\" lang=\"en-US\" dir=\"ltr\" data-wpcf7-id=\"2706\">\n<div class=\"screen-reader-response\"><p role=\"status\" aria-live=\"polite\" aria-atomic=\"true\"><\/p> <ul><\/ul><\/div>\n<form action=\"\/fr\/wp-json\/wp\/v2\/pages\/814#wpcf7-f2706-o1\" method=\"post\" class=\"wpcf7-form init\" aria-label=\"Contact form\" novalidate=\"novalidate\" data-status=\"init\">\n<fieldset class=\"hidden-fields-container\"><input type=\"hidden\" name=\"_wpcf7\" value=\"2706\" \/><input type=\"hidden\" name=\"_wpcf7_version\" value=\"6.1.4\" \/><input type=\"hidden\" name=\"_wpcf7_locale\" value=\"en_US\" \/><input type=\"hidden\" name=\"_wpcf7_unit_tag\" value=\"wpcf7-f2706-o1\" \/><input type=\"hidden\" name=\"_wpcf7_container_post\" value=\"0\" \/><input type=\"hidden\" name=\"_wpcf7_posted_data_hash\" value=\"\" \/>\n<\/fieldset>\n<p><span class=\"wpcf7-form-control-wrap\" data-name=\"projet\"><textarea cols=\"40\" rows=\"10\" maxlength=\"2000\" class=\"wpcf7-form-control wpcf7-textarea\" id=\"projet\" aria-invalid=\"false\" placeholder=\"Salle de bains, Chambre, Sauna, Toilettes, Voiture, Piscine, etc.\" name=\"projet\"><\/textarea><\/span>\n<\/p>\n<p>Surface\n<\/p>\n<p><span class=\"wpcf7-form-control-wrap\" data-name=\"surface\"><input size=\"40\" maxlength=\"400\" class=\"wpcf7-form-control wpcf7-text\" aria-invalid=\"false\" placeholder=\"Longueur ... cm x Largeur ... cm\" value=\"\" type=\"text\" name=\"surface\" \/><\/span>\n<\/p>\n<p><span class=\"wpcf7-form-control-wrap\" data-name=\"finition\"><textarea cols=\"40\" rows=\"10\" maxlength=\"2000\" class=\"wpcf7-form-control wpcf7-textarea\" aria-invalid=\"false\" placeholder=\"Finition de bord, flottant, ouvert, etc.\" name=\"finition\"><\/textarea><\/span>\n<\/p>\n<p><span class=\"wpcf7-form-control-wrap\" data-name=\"budget\"><input size=\"40\" maxlength=\"400\" class=\"wpcf7-form-control wpcf7-text\" aria-invalid=\"false\" placeholder=\"Le budget\" value=\"\" type=\"text\" name=\"budget\" \/><\/span>\n<\/p>\n<p><span class=\"wpcf7-form-control-wrap\" data-name=\"commentaire\"><textarea cols=\"40\" rows=\"10\" maxlength=\"2000\" class=\"wpcf7-form-control wpcf7-textarea\" aria-invalid=\"false\" placeholder=\"Commentaire suppl\u00e9mentaire, \u00e9clairage indirect LED, la couleur, la forme,\" name=\"commentaire\"><\/textarea><\/span>\n<\/p>\n<p>Informations (*)\n<\/p>\n<p><span class=\"wpcf7-form-control-wrap\" data-name=\"nom\"><input size=\"40\" maxlength=\"400\" class=\"wpcf7-form-control wpcf7-text wpcf7-validates-as-required\" id=\"nom\" aria-required=\"true\" aria-invalid=\"false\" placeholder=\"Pr\u00e9nom, Nom de famille\" value=\"\" type=\"text\" name=\"nom\" \/><\/span><br \/>\n<span class=\"wpcf7-form-control-wrap\" data-name=\"rue\"><input size=\"40\" maxlength=\"400\" class=\"wpcf7-form-control wpcf7-text wpcf7-validates-as-required\" id=\"rue\" aria-required=\"true\" aria-invalid=\"false\" placeholder=\"Rue 00 A\" value=\"\" type=\"text\" name=\"rue\" \/><\/span><br \/>\n<span class=\"wpcf7-form-control-wrap\" data-name=\"codepostal\"><input size=\"40\" maxlength=\"7\" class=\"wpcf7-form-control wpcf7-text wpcf7-validates-as-required\" aria-required=\"true\" aria-invalid=\"false\" placeholder=\"Code Postal\" value=\"\" type=\"text\" name=\"codepostal\" \/><\/span><br \/>\n<span class=\"wpcf7-form-control-wrap\" data-name=\"ville\"><input size=\"40\" maxlength=\"35\" class=\"wpcf7-form-control wpcf7-text wpcf7-validates-as-required\" aria-required=\"true\" aria-invalid=\"false\" placeholder=\"Ville\" value=\"\" type=\"text\" name=\"ville\" \/><\/span><br \/>\n<span class=\"wpcf7-form-control-wrap\" data-name=\"pays\"><input size=\"40\" maxlength=\"35\" class=\"wpcf7-form-control wpcf7-text wpcf7-validates-as-required\" aria-required=\"true\" aria-invalid=\"false\" placeholder=\"Pays\" value=\"\" type=\"text\" name=\"pays\" \/><\/span><br \/>\n<span class=\"wpcf7-form-control-wrap\" data-name=\"telephone\"><input size=\"40\" maxlength=\"15\" class=\"wpcf7-form-control wpcf7-text\" aria-invalid=\"false\" placeholder=\"Num\u00e9ro de t\u00e9l\u00e9phone\" value=\"\" type=\"text\" name=\"telephone\" \/><\/span><br \/>\n<span class=\"wpcf7-form-control-wrap\" data-name=\"email\"><input size=\"40\" maxlength=\"400\" class=\"wpcf7-form-control wpcf7-email wpcf7-validates-as-required wpcf7-text wpcf7-validates-as-email\" aria-required=\"true\" aria-invalid=\"false\" placeholder=\"exemple@exemple.com\" value=\"\" type=\"email\" name=\"email\" \/><\/span>\n<\/p>\n<p><input class=\"wpcf7-form-control wpcf7-submit has-spinner\" type=\"submit\" value=\"Soumettre\" \/>\n<\/p><div class=\"wpcf7-response-output\" aria-hidden=\"true\"><\/div>\n<\/form>\n<\/div>\n<\/p>\n<address><strong>MyCosmos<\/strong><\/address>\n<address>\n<address>4069 Route du Meunier<\/address>\n<address>24800 Nanthiat<\/address>\n<address>France<\/address>\n<address>\n<address>\n<p style=\"text-align: left;\">Num\u00e9ro de t\u00e9l\u00e9phone :<span style=\"color: #ff6600;\"> <strong><a style=\"color: #ff6600;\" href=\"Tel:+33637694809\">0637694809<\/a><\/strong><\/span><\/p>\n<\/address>\n<\/address>\n<\/address>\n<address><span style=\"color: #ff6600;\"><a style=\"color: #ff6600;\" href=\"https:\/\/mycosmos.eu\/fr\/l-histoire-derriere-mycosmos\/\" target=\"_blank\" rel=\"noopener noreferrer\">L&#8217;histoire derriere MyCosmos<\/a><\/span><\/address>\n<address>\u00a0<\/address>\n<address>\u00a0<\/address>\n<h4 style=\"text-align: center;\"><a href=\"mailto:info@mycosmos.eu\"><span style=\"color: #ff6600;\"><strong>info@mycosmos.eu<\/strong><\/span><\/a><\/h4>\n<h4><\/h4>\n<h4 style=\"text-align: center;\"><a href=\"https:\/\/www.facebook.com\/FiberOpticStarCeiling\/\"><strong><span style=\"color: #ff6600;\">FaceBook<\/span><\/strong><\/a><br \/>\n<a href=\"http:\/\/www.instagram.com\/starceiling\/\"><strong><span style=\"color: #ff6600;\">Instagram<\/span><\/strong><\/a><br \/>\n<a href=\"http:\/\/twitter.com\/sterrenplafond\"><strong><span style=\"color: #ff6600;\">Twitter<\/span><\/strong><\/a><\/h4>\n<h4 dir=\"ltr\" data-placeholder=\"Translation\"><\/h4>\n<h2 style=\"font-size: 130px;\"><span style=\"color: #141515;\">MyCosmos Plafond Ciel Etoil\u00e9<\/span><\/h2>\n","protected":false},"excerpt":{"rendered":"<p>Recevez votre devis gratuit dans un d\u00e9lai de 1 jour ouvrable. Veuillez remplir les champs ci-dessous MyCosmos 4069 Route du Meunier 24800 Nanthiat France Num\u00e9ro de t\u00e9l\u00e9phone : 0637694809 L&#8217;histoire derriere MyCosmos \u00a0 \u00a0 info@mycosmos.eu FaceBook Instagram Twitter MyCosmos Plafond Ciel Etoil\u00e9<\/p>\n","protected":false},"author":1,"featured_media":0,"parent":0,"menu_order":0,"comment_status":"closed","ping_status":"closed","template":"","meta":{"footnotes":""},"class_list":["post-814","page","type-page","status-publish","hentry","no-thumb"],"_links":{"self":[{"href":"https:\/\/mycosmos.eu\/fr\/wp-json\/wp\/v2\/pages\/814","targetHints":{"allow":["GET"]}}],"collection":[{"href":"https:\/\/mycosmos.eu\/fr\/wp-json\/wp\/v2\/pages"}],"about":[{"href":"https:\/\/mycosmos.eu\/fr\/wp-json\/wp\/v2\/types\/page"}],"author":[{"embeddable":true,"href":"https:\/\/mycosmos.eu\/fr\/wp-json\/wp\/v2\/users\/1"}],"replies":[{"embeddable":true,"href":"https:\/\/mycosmos.eu\/fr\/wp-json\/wp\/v2\/comments?post=814"}],"version-history":[{"count":46,"href":"https:\/\/mycosmos.eu\/fr\/wp-json\/wp\/v2\/pages\/814\/revisions"}],"predecessor-version":[{"id":5785,"href":"https:\/\/mycosmos.eu\/fr\/wp-json\/wp\/v2\/pages\/814\/revisions\/5785"}],"wp:attachment":[{"href":"https:\/\/mycosmos.eu\/fr\/wp-json\/wp\/v2\/media?parent=814"}],"curies":[{"name":"wp","href":"https:\/\/api.w.org\/{rel}","templated":true}]}}