{"id":6247,"date":"2025-06-17T13:57:04","date_gmt":"2025-06-17T11:57:04","guid":{"rendered":"https:\/\/mycosmos.eu\/?page_id=6247"},"modified":"2025-06-17T13:57:04","modified_gmt":"2025-06-17T11:57:04","slug":"ciel-etoile-chambre","status":"publish","type":"page","link":"https:\/\/mycosmos.eu\/fr\/ciel-etoile-chambre\/","title":{"rendered":"Ciel etoile Chambre"},"content":{"rendered":"\n<p>Un ciel \u00e9toil\u00e9 le plus r\u00e9aliste pour dans la chambre avec les options les plus luxueuse ou monde, comme les \u00e9toiles filantes et un vrais voie lact\u00e9e avec des milliers des \u00e9toiles.<\/p>\n\n\n\n<h2 class=\"wp-block-heading\">Ciel etoile LED<\/h2>\n\n\n\n<p>Les ciel \u00e9toil\u00e9 de MyCosmos sont fait en France avec ou moins 20 LED par \u00e9toile et le nombre d&#8217;heure de vie a 50.000 heures. Tout et sur mesure donc on fait aussi des LEDs UV, Ambr\u00e9, Rose, Orange, etc.<\/p>\n\n\n\n<figure class=\"wp-block-image size-large\"><img loading=\"lazy\" decoding=\"async\" width=\"806\" height=\"1024\" src=\"https:\/\/mycosmos.eu\/wp-content\/uploads\/2018\/01\/ciel-\u00e9toil\u00e9-plafond-ciel-\u00e9toil\u00e9-fibre-optique-led-ciel-\u00e9toil\u00e9-chambre-lumineuse-etoile-mycosmos-806x1024.jpg\" alt=\"ciel \u00e9toil\u00e9 plafond ciel \u00e9toil\u00e9 fibre optique led ciel \u00e9toil\u00e9 chambre lumineuse etoile mycosmos\" class=\"wp-image-4689\" srcset=\"https:\/\/mycosmos.eu\/wp-content\/uploads\/2018\/01\/ciel-\u00e9toil\u00e9-plafond-ciel-\u00e9toil\u00e9-fibre-optique-led-ciel-\u00e9toil\u00e9-chambre-lumineuse-etoile-mycosmos.jpg 806w, https:\/\/mycosmos.eu\/wp-content\/uploads\/2018\/01\/ciel-\u00e9toil\u00e9-plafond-ciel-\u00e9toil\u00e9-fibre-optique-led-ciel-\u00e9toil\u00e9-chambre-lumineuse-etoile-mycosmos-236x300.jpg 236w, https:\/\/mycosmos.eu\/wp-content\/uploads\/2018\/01\/ciel-\u00e9toil\u00e9-plafond-ciel-\u00e9toil\u00e9-fibre-optique-led-ciel-\u00e9toil\u00e9-chambre-lumineuse-etoile-mycosmos-768x976.jpg 768w, https:\/\/mycosmos.eu\/wp-content\/uploads\/2018\/01\/ciel-\u00e9toil\u00e9-plafond-ciel-\u00e9toil\u00e9-fibre-optique-led-ciel-\u00e9toil\u00e9-chambre-lumineuse-etoile-mycosmos-649x825.jpg 649w\" sizes=\"auto, (max-width: 806px) 100vw, 806px\" \/><\/figure>\n\n\n\n<h2 class=\"wp-block-heading\">Ciel etoil\u00e9 fibre optique<\/h2>\n\n\n\n<p>MyCosmos utilise les fibre optique pour faire des centaines d&#8217;\u00e9toiles diff\u00e9rentes avec des vrais constellations comme si vous \u00eates dehors la nuit. Un r\u00e9sultat in\u00e9gal\u00e9s dans le monde entiers. Il est possible de faire des plafond \u00e9toil\u00e9 suspendu au plafond existant ou monter contre une structure m\u00e9tallique et pratiquement sans jointes. <\/p>\n\n\n\n<figure class=\"wp-block-gallery has-nested-images columns-default is-cropped wp-block-gallery-1 is-layout-flex wp-block-gallery-is-layout-flex\">\n<figure class=\"wp-block-image size-large\"><img loading=\"lazy\" decoding=\"async\" width=\"1024\" height=\"583\" data-id=\"6248\" src=\"https:\/\/mycosmos.eu\/wp-content\/uploads\/2025\/06\/chambre-plafond-etoile-ciel-fibre-optic-led-dormir-sous-lumiere-photos-image-etoiles-voies-lactees-etoiler-dans-pour-la-nuit.jpg\" alt=\"chambre plafond \u00e9toil\u00e9 ciel fibre optic led dormir sous lumi\u00e8re photos image etoiles voies lact\u00e9es etoiler dans pour la nuit\" class=\"wp-image-6248\" srcset=\"https:\/\/mycosmos.eu\/wp-content\/uploads\/2025\/06\/chambre-plafond-etoile-ciel-fibre-optic-led-dormir-sous-lumiere-photos-image-etoiles-voies-lactees-etoiler-dans-pour-la-nuit.jpg 1024w, https:\/\/mycosmos.eu\/wp-content\/uploads\/2025\/06\/chambre-plafond-etoile-ciel-fibre-optic-led-dormir-sous-lumiere-photos-image-etoiles-voies-lactees-etoiler-dans-pour-la-nuit-300x171.jpg 300w, https:\/\/mycosmos.eu\/wp-content\/uploads\/2025\/06\/chambre-plafond-etoile-ciel-fibre-optic-led-dormir-sous-lumiere-photos-image-etoiles-voies-lactees-etoiler-dans-pour-la-nuit-768x437.jpg 768w, https:\/\/mycosmos.eu\/wp-content\/uploads\/2025\/06\/chambre-plafond-etoile-ciel-fibre-optic-led-dormir-sous-lumiere-photos-image-etoiles-voies-lactees-etoiler-dans-pour-la-nuit-652x371.jpg 652w\" sizes=\"auto, (max-width: 1024px) 100vw, 1024px\" \/><\/figure>\n<\/figure>\n","protected":false},"excerpt":{"rendered":"<p>Un ciel \u00e9toil\u00e9 le plus r\u00e9aliste pour dans la chambre avec les options les plus luxueuse ou monde, comme les \u00e9toiles filantes et un vrais voie lact\u00e9e avec des milliers des \u00e9toiles. Ciel etoile LED Les ciel \u00e9toil\u00e9 de MyCosmos sont fait en France avec ou moins 20 LED par \u00e9toile et le nombre d&#8217;heure &hellip;<\/p>\n","protected":false},"author":1,"featured_media":6248,"parent":0,"menu_order":0,"comment_status":"closed","ping_status":"closed","template":"","meta":{"footnotes":""},"class_list":["post-6247","page","type-page","status-publish","has-post-thumbnail","hentry","has-thumb"],"_links":{"self":[{"href":"https:\/\/mycosmos.eu\/fr\/wp-json\/wp\/v2\/pages\/6247","targetHints":{"allow":["GET"]}}],"collection":[{"href":"https:\/\/mycosmos.eu\/fr\/wp-json\/wp\/v2\/pages"}],"about":[{"href":"https:\/\/mycosmos.eu\/fr\/wp-json\/wp\/v2\/types\/page"}],"author":[{"embeddable":true,"href":"https:\/\/mycosmos.eu\/fr\/wp-json\/wp\/v2\/users\/1"}],"replies":[{"embeddable":true,"href":"https:\/\/mycosmos.eu\/fr\/wp-json\/wp\/v2\/comments?post=6247"}],"version-history":[{"count":1,"href":"https:\/\/mycosmos.eu\/fr\/wp-json\/wp\/v2\/pages\/6247\/revisions"}],"predecessor-version":[{"id":6284,"href":"https:\/\/mycosmos.eu\/fr\/wp-json\/wp\/v2\/pages\/6247\/revisions\/6284"}],"wp:featuredmedia":[{"embeddable":true,"href":"https:\/\/mycosmos.eu\/fr\/wp-json\/wp\/v2\/media\/6248"}],"wp:attachment":[{"href":"https:\/\/mycosmos.eu\/fr\/wp-json\/wp\/v2\/media?parent=6247"}],"curies":[{"name":"wp","href":"https:\/\/api.w.org\/{rel}","templated":true}]}}