{"id":3745,"date":"2016-08-17T15:57:43","date_gmt":"2016-08-17T15:57:43","guid":{"rendered":"http:\/\/mycosmos.eu\/home\/"},"modified":"2020-07-09T20:00:42","modified_gmt":"2020-07-09T18:00:42","slug":"home","status":"publish","type":"page","link":"https:\/\/mycosmos.eu\/fr\/","title":{"rendered":"Plafond ciel \u00e9toil\u00e9"},"content":{"rendered":"<div class=\"cherry-projects-wrapper\"><div class=\"projects-filters with-ajax\" data-order-default=\"desc\" data-orderby-default=\"date\"><div class=\"projects-filters-list-wrapper\"><ul class=\"projects-filters-list filter-category\"><li class=\"active\"><span data-cat-id=\"\" data-slug=\"\">Show all<\/span><\/li><li><span data-cat-id=\"176\" data-slug=\"e1-000-e2-500-fr\">\u00e0 partir de \u20ac 1000<\/span><\/li><li><span data-cat-id=\"177\" data-slug=\"e2-500-e5-000-fr\">\u00e0 partir de \u20ac2.500<\/span><\/li><li><span data-cat-id=\"178\" data-slug=\"e5-000-fr\">\u00e0 partir de \u20ac5.000<\/span><\/li><li><span data-cat-id=\"108\" data-slug=\"5design-exterieur\">Design ext\u00e9rieur<\/span><\/li><li><span data-cat-id=\"105\" data-slug=\"etoiles-colorees\">Etoiles color\u00e9es<\/span><\/li><li><span data-cat-id=\"150\" data-slug=\"6musique-controlee\">Musique contr\u00f4l\u00e9e<\/span><\/li><li><span data-cat-id=\"99\" data-slug=\"1salle-de-bain\">Salle de bain<\/span><\/li><li><span data-cat-id=\"129\" data-slug=\"4suspendu\">Suspendu<\/span><\/li><li><span data-cat-id=\"161\" data-slug=\"3les-options-de-luxe\">Video<\/span><\/li><\/ul><\/div><\/div><div class=\"projects-container cherry-animation-container grid-layout ajax-pagination-mode loading-animation-move-up\" data-settings='{\"list-layout\":\"grid-layout\",\"loading-mode\":\"ajax-pagination-mode\",\"hover-animation\":\"simple-scale\",\"post-per-page\":\"20\",\"column-number\":\"2\",\"column-number-laptop\":\"2\",\"column-number-album-tablet\":\"1\",\"column-number-portrait-tablet\":\"1\",\"column-number-mobile\":\"1\",\"item-margin\":\"4\",\"fixed-height\":\"300\",\"posts-format\":\"post-format-all\",\"single-term\":\"\",\"filter-type\":\"category\",\"template\":\"grid-default.tmpl\"}'><div class=\"projects-list cherry-animation-list column-desktop-4 column-tablet-2 column-mobile-1\" data-all-posts-count=\"33\" data-columns><\/div><\/div><div class=\"projects-end-line-spinner\"><div class=\"cherry-spinner cherry-spinner-double-bounce\"><div class=\"cherry-double-bounce1\"><\/div><div class=\"cherry-double-bounce2\"><\/div><\/div><\/div><div class=\"cherry-projects-ajax-loader\"><div class=\"cherry-spinner cherry-spinner-double-bounce\"><div class=\"cherry-double-bounce1\"><\/div><div class=\"cherry-double-bounce2\"><\/div><\/div><\/div><\/div>\n<h1 style=\"font-size: 100px;\"><span style=\"color: #141515;\"><b>Ciel etoil\u00e9 fibre optique<\/b><\/span><\/h1>\n<h4><a href=\"\/?page_id=3327\"><span style=\"color: #ff6600;\">Les Prix<\/span><\/a><\/h4>\n<p><span style=\"color: #141515;\">Un ciel etoil\u00e9 fibre optique avec des multiple LED de la haute qualit\u00e9 combin\u00e9 avec de la technologie de pointe sont la base pour les plafond \u00e9toil\u00e9 du MyCosmos. Pour am\u00e9liorer encore l&#8217;effect r\u00e9aliste on a cr\u00e9e le\u00a0scintillement avec de la luminosit\u00e9 et un vrais design des constellation. Pour avoir un beau plafond dans votre chambre, salle de bain ou n&#8217;importe ou vous voulez on utilise les mat\u00e9riaux le mieux adapter a l&#8217;endroit.<\/span><\/p>\n<h4><a href=\"https:\/\/mycosmos.eu\/fr\/projects-archive\/chambre-plafond-etoilee\/\"><span style=\"color: #ff6600;\">Les projets<\/span><\/a><\/h4>\n<p><img loading=\"lazy\" decoding=\"async\" class=\"alignnone wp-image-5135 \" src=\"https:\/\/mycosmos.eu\/wp-content\/uploads\/2018\/09\/mycosmos-ciel-\u00e9toil\u00e9-fibre-optique-led-plafond-optic-fiber-etoile-chambre-lumineuse-lafonnier-de-image-photo-blanc-multicolore.jpg\" alt=\"mycosmos ciel \u00e9toil\u00e9 fibre optique led plafond optic fiber etoile chambre lumineuse lafonnier de image photo blanc multicolore\" width=\"1284\" height=\"868\" srcset=\"https:\/\/mycosmos.eu\/wp-content\/uploads\/2018\/09\/mycosmos-ciel-\u00e9toil\u00e9-fibre-optique-led-plafond-optic-fiber-etoile-chambre-lumineuse-lafonnier-de-image-photo-blanc-multicolore.jpg 1598w, https:\/\/mycosmos.eu\/wp-content\/uploads\/2018\/09\/mycosmos-ciel-\u00e9toil\u00e9-fibre-optique-led-plafond-optic-fiber-etoile-chambre-lumineuse-lafonnier-de-image-photo-blanc-multicolore-300x203.jpg 300w, https:\/\/mycosmos.eu\/wp-content\/uploads\/2018\/09\/mycosmos-ciel-\u00e9toil\u00e9-fibre-optique-led-plafond-optic-fiber-etoile-chambre-lumineuse-lafonnier-de-image-photo-blanc-multicolore-768x519.jpg 768w, https:\/\/mycosmos.eu\/wp-content\/uploads\/2018\/09\/mycosmos-ciel-\u00e9toil\u00e9-fibre-optique-led-plafond-optic-fiber-etoile-chambre-lumineuse-lafonnier-de-image-photo-blanc-multicolore-1024x692.jpg 1024w, https:\/\/mycosmos.eu\/wp-content\/uploads\/2018\/09\/mycosmos-ciel-\u00e9toil\u00e9-fibre-optique-led-plafond-optic-fiber-etoile-chambre-lumineuse-lafonnier-de-image-photo-blanc-multicolore-652x441.jpg 652w\" sizes=\"auto, (max-width: 1284px) 100vw, 1284px\" \/><\/p>\n<h2><img loading=\"lazy\" decoding=\"async\" class=\"alignnone size-full wp-image-5215\" src=\"https:\/\/mycosmos.eu\/wp-content\/uploads\/2018\/11\/led-ciel-\u00e9toil\u00e9-plafond-ciel-etoile-chambre-etoil\u00e9-fibre-optique-pour-decoration-lumineuse-faux-lumineux-mycosmos.jpg\" alt=\"led ciel \u00e9toil\u00e9 plafond ciel etoile chambre etoil\u00e9 fibre optique pour decoration lumineuse faux lumineux mycosmos\" width=\"1280\" height=\"855\" srcset=\"https:\/\/mycosmos.eu\/wp-content\/uploads\/2018\/11\/led-ciel-\u00e9toil\u00e9-plafond-ciel-etoile-chambre-etoil\u00e9-fibre-optique-pour-decoration-lumineuse-faux-lumineux-mycosmos.jpg 1280w, https:\/\/mycosmos.eu\/wp-content\/uploads\/2018\/11\/led-ciel-\u00e9toil\u00e9-plafond-ciel-etoile-chambre-etoil\u00e9-fibre-optique-pour-decoration-lumineuse-faux-lumineux-mycosmos-300x200.jpg 300w, https:\/\/mycosmos.eu\/wp-content\/uploads\/2018\/11\/led-ciel-\u00e9toil\u00e9-plafond-ciel-etoile-chambre-etoil\u00e9-fibre-optique-pour-decoration-lumineuse-faux-lumineux-mycosmos-768x513.jpg 768w, https:\/\/mycosmos.eu\/wp-content\/uploads\/2018\/11\/led-ciel-\u00e9toil\u00e9-plafond-ciel-etoile-chambre-etoil\u00e9-fibre-optique-pour-decoration-lumineuse-faux-lumineux-mycosmos-1024x684.jpg 1024w, https:\/\/mycosmos.eu\/wp-content\/uploads\/2018\/11\/led-ciel-\u00e9toil\u00e9-plafond-ciel-etoile-chambre-etoil\u00e9-fibre-optique-pour-decoration-lumineuse-faux-lumineux-mycosmos-652x436.jpg 652w\" sizes=\"auto, (max-width: 1280px) 100vw, 1280px\" \/><\/h2>\n<h2 style=\"font-size: 100px;\"><span style=\"color: #141515;\">Ciel \u00e9toil\u00e9 chambre<\/span><\/h2>\n<p><span style=\"color: #141515;\">Dans les chambres (suites) d&#8217;un hotel de luxe on a plac\u00e9 de mani\u00e8re suspendu des\u00a0<span lang=\"fr\">panneaux acoustiques rondes.<\/span><\/span><\/p>\n<p><span style=\"color: #141515;\">Il y a 250 \u00e9toiles m\u00eame sur les cot\u00e9s et 3 \u00e9toiles filantes tout 60 secondes sur un diam\u00e8tre de 120 cm.<\/span><\/p>\n<p><span style=\"color: #141515;\">Quand il y a beaucoup des surface dur dans une pi\u00e8ce (comme le verre, b\u00e9ton, carrelage) on entend un \u00e9cho dans la pi\u00e8ce.<\/span><\/p>\n<p><span style=\"color: #141515;\">L&#8217;avantage des\u00a0panneaux acoustiques: ils sont une\u00a0bonne isolation phonique (anti\u00a0<span lang=\"fr\">\u00e9cho\/r\u00e9sonance).<\/span><\/span><\/p>\n<h2 style=\"font-size: 100px;\"><span style=\"color: #141515;\"><b>Ciel \u00e9toil\u00e9 fibre optique<\/b><\/span><\/h2>\n<p><span style=\"color: #141515;\">Pour avoir un beau plafond dans votre chambre, salle de bain ou n&#8217;importe ou vous voulez on utilise les mat\u00e9riaux le mieux adapter a l&#8217;endroit. L&#8217;effect r\u00e9aliste on a cr\u00e9e le\u00a0scintillement avec de la luminosit\u00e9 et un vrais design des constellation. Un ciel etoil\u00e9 fibre optique avec des multiple LED de la haute qualit\u00e9 combin\u00e9 avec de la technologie de pointe sont la base pour les plafond \u00e9toil\u00e9 du MyCosmos.<\/span><\/p>\n<h2 style=\"font-size: 100px;\"><span style=\"color: #141515;\"><b>Ciel \u00e9toil\u00e9 led<\/b><\/span><\/h2>\n<p><span style=\"color: #141515;\">Nos ciel \u00e9toil\u00e9 sont cr\u00e9er par les fibres optique avec des LED de la qualit\u00e9 pour un\u00a0longue vie et pour un creations plus r\u00e9aliste. Les \u00e9toiles\u00a0<span lang=\"fr\">brillent toujours gr\u00e2ce au system unique ou il existe toujours des multiple LED par fibre optique. Ce plafond ciel \u00e9toil\u00e9 LED sont fix\u00e9 au plafond dans la salle de bain et chambre. Aussi le salon, piscines et terras on cr\u00e9e les plus r\u00e9aliste ciel \u00e9toil\u00e9 au monde.<\/span><\/span><\/p>\n<h2 style=\"font-size: 100px;\"><span style=\"color: #141515;\"><b>ciel \u00e9toil\u00e9 plafond<\/b><\/span><\/h2>\n<p><span style=\"color: #141515;\">Le ciel \u00e9toil\u00e9 plafond sont cr\u00e9er pour un vie de longue dur\u00e9 et pour un creations plus r\u00e9aliste par les fibres optique avec des LED de la qualit\u00e9. Les \u00e9toiles\u00a0<span lang=\"fr\">brillent gr\u00e2ce au system des multiple LED par fibre optique. Si vous voulez le ciel comme vous voyez dehors sur votre plafond, MyCosmos le r\u00e9alise.<\/span><\/span><\/p>\n<h2 style=\"font-size: 100px;\"><span style=\"color: #141515;\"><b>etoile led<\/b><\/span><\/h2>\n<p><span style=\"color: #141515;\">Etoile LED pour\u00a0Cr\u00e9ez une atmosph\u00e8re dans chaque salle de bain avec un \u00e9clairage LED indirect et pour l&#8217;atmosph\u00e8re ultime dans l&#8217;obscurit\u00e9, un vrai ciel \u00e9toil\u00e9 avec la plus grande variation d&#8217;\u00e9toiles scintillantes. Ce ciel \u00e9toil\u00e9 avec de vraies constellations d&#8217;\u00e9toiles grandes et petites, d&#8217;\u00e9toiles brillantes et p\u00e2les, d&#8217;\u00e9toiles blanches, blanches douces et blanches fra\u00eeches, qui sont dimmables. Consultez les diff\u00e9rents projets MyCosmos et nous adapterons le plafond \u00e9toil\u00e9 pour vous, comme vous le souhaitez.<span lang=\"fr\">.<\/span><\/span><\/p>\n<h2><span style=\"color: #141515;\">\u00a0<\/span><\/h2>\n<h2 style=\"font-size: 100px;\"><span style=\"color: #141515;\"><b>etoile lumineuse plafond<\/b><\/span><\/h2>\n<p><span style=\"color: #141515;\">Etoile\u00a0lumineuse plafond avec les fibres optique et des LED de la qualit\u00e9 pour un creations plus r\u00e9aliste et pour un vie de longue dur\u00e9. <span lang=\"fr\">MyCosmos le r\u00e9alise<\/span><span lang=\"fr\">\u00a0le ciel comme vous voyez dehors avec les \u00e9toiles qui\u00a0brillent sur votre plafond.<\/span><\/span><\/p>\n<h2 style=\"font-size: 100px;\"><span style=\"color: #141515;\"><b>etoile plafond<\/b><\/span><\/h2>\n<p><span style=\"color: #141515;\">Etoile plafond avec les fibres optique et des LED de la qualit\u00e9 pour un creations plus r\u00e9aliste et pour un vie de longue dur\u00e9. <span lang=\"fr\">MyCosmos le r\u00e9alise<\/span><span lang=\"fr\">\u00a0le ciel comme vous voyez dehors avec les \u00e9toiles qui\u00a0brillent sur votre plafond.<\/span><\/span><\/p>\n<h2 style=\"font-size: 100px;\"><span style=\"color: #141515;\"><b>fibre optique plafond<\/b><\/span><\/h2>\n<p><span style=\"color: #141515;\">Fibre Optique plafond avec les fibres optique et des LED de la qualit\u00e9 pour un creations plus r\u00e9aliste et pour un vie de longue dur\u00e9. <span lang=\"fr\">MyCosmos le r\u00e9alise<\/span><span lang=\"fr\">\u00a0le ciel comme vous voyez dehors avec les \u00e9toiles qui\u00a0brillent sur votre plafond.<\/span><\/span><\/p>\n<h2 style=\"font-size: 100px;\"><span style=\"color: #141515;\"><b>plafond ciel \u00e9toil\u00e9<\/b><\/span><\/h2>\n<p><span style=\"color: #141515;\">Plafond ciel \u00e9toil\u00e9 avec les fibres optique et des LED de la qualit\u00e9 pour un creations plus r\u00e9aliste et pour un vie de longue dur\u00e9. <span lang=\"fr\">MyCosmos le r\u00e9alise<\/span><span lang=\"fr\">\u00a0le ciel comme vous voyez dehors avec les \u00e9toiles qui\u00a0brillent sur votre plafond.<\/span><\/span><\/p>\n<h2 style=\"font-size: 120px;\"><span style=\"color: #141515;\"><b>Plafond \u00e9toil\u00e9<\/b><\/span><\/h2>\n<p><span style=\"color: #141515;\">Plafond \u00e9toil\u00e9\u00a0avec les fibres optique et des LED de la qualit\u00e9 pour un creations plus r\u00e9aliste et pour un vie de longue dur\u00e9. <span lang=\"fr\">MyCosmos le r\u00e9alise<\/span><span lang=\"fr\">\u00a0le ciel comme vous voyez dehors avec les \u00e9toiles qui\u00a0brillent sur votre plafond. Dormir sous les \u00e9toiles dormir sous le ciel \u00e9toil\u00e9.<\/span><\/span><\/p>\n<h2 style=\"font-size: 100px;\"><span style=\"color: #141515;\"><b>plafond \u00e9toil\u00e9 chambre<\/b><\/span><\/h2>\n<p><span style=\"color: #141515;\">Le plafond \u00e9toil\u00e9 chambre sont cr\u00e9er pour un vie de longue dur\u00e9 et pour un creations plus r\u00e9aliste par les fibres optique avec des LED de la qualit\u00e9. Les \u00e9toiles\u00a0<span lang=\"fr\">brillent gr\u00e2ce au system des multiple LED par fibre optique. Si vous voulez le ciel comme vous voyez dehors sur votre plafond, MyCosmos le r\u00e9alise.<\/span><\/span><\/p>\n<h2 style=\"font-size: 120px;\"><span style=\"color: #141515;\"><b>Plafond \u00e9toil\u00e9 fibre optique<\/b><\/span><\/h2>\n<p><span style=\"color: #141515;\">Le plafond \u00e9toil\u00e9 fibre optique sont cr\u00e9er pour un vie de longue dur\u00e9 et pour un creations plus r\u00e9aliste par les fibres optique avec des LED de la qualit\u00e9. Les \u00e9toiles\u00a0<span lang=\"fr\">brillent gr\u00e2ce au system des multiple LED et fibre optique. Si vous voulez le ciel comme vous voyez dehors sur votre plafond, MyCosmos le r\u00e9alise. MyCosmos utilise les constellation comme vous souhaitez et on propose un copie exact du ciel par exemple. Tous les plafond peuvent avoir un plafond \u00e9toil\u00e9, m\u00eame le sol de la piscine pourra devenir une monde qui brillent comme les \u00e9toiles de la Galaxy.<\/span><\/span><\/p>\n<h2 style=\"font-size: 100px;\"><span style=\"color: #141515;\"><b>Plafond \u00e9toil\u00e9 led<\/b><\/span><\/h2>\n<p><span style=\"color: #141515;\">Le plafond \u00e9toil\u00e9 led sont cr\u00e9er pour un vie de longue dur\u00e9 et pour un creations plus r\u00e9aliste par les fibres optique avec des LED de la qualit\u00e9. Pour tous les souhaite du client il existe des solutions de longue dur\u00e9e de vie pour que vous avez le plaisir pour 20 ans ou plus. Les \u00e9toiles\u00a0<span lang=\"fr\">brillent gr\u00e2ce au system des multiple LED par fibre optique. Si vous voulez le ciel comme vous voyez dehors sur votre plafond, MyCosmos le r\u00e9alise.<\/span><\/span><\/p>\n<h2 style=\"font-size: 100px;\"><span style=\"color: #141515;\"><b>Plafond fibre optique<\/b><\/span><\/h2>\n<p><span style=\"color: #141515;\">Le plafond fibre optique sont cr\u00e9er pour r\u00e9sister un longue dur\u00e9 de vie et pour un creations plus r\u00e9aliste par les fibres optique avec des LED de la plus haute qualit\u00e9. Les \u00e9toiles\u00a0<span lang=\"fr\">brillent gr\u00e2ce au system des multiple LED par fibre optique. Si vous voulez le ciel comme vous voyez dehors sur votre plafond, MyCosmos le cr\u00e9e comme vous le souhaitez. MyCosmos utilise tout sorte de mat\u00e9riaux diff\u00e9rentes.<\/span><\/span><\/p>\n<h2 style=\"font-size: 100px;\"><span style=\"color: #141515;\"><b>Plafonnier etoile<\/b><\/span><\/h2>\n<p><span style=\"color: #141515;\">Plafonnier etoile avec les fibres optique et des LED de la qualit\u00e9 pour un creations plus r\u00e9aliste et pour un vie de longue dur\u00e9. <span lang=\"fr\">MyCosmos le r\u00e9alise<\/span><span lang=\"fr\">\u00a0le ciel comme vous voyez dehors avec les \u00e9toiles qui\u00a0brillent sur votre plafond de la salle de bain ou votre chambre, m\u00eame aux toilettes.<\/span><\/span><\/p>\n<h2 style=\"font-size: 100px;\"><span style=\"color: #141515;\"><b>veilleuse etoile plafond<\/b><\/span><\/h2>\n<p><span style=\"color: #141515;\">Veilleuse etoile Plafond avec les fibres optique et des LED de la qualit\u00e9 pour un creations plus r\u00e9aliste et pour un vie de longue dur\u00e9. <span lang=\"fr\">MyCosmos le r\u00e9alise<\/span><span lang=\"fr\">\u00a0le ciel comme vous voyez dehors avec les \u00e9toiles qui\u00a0brillent sur votre plafond.<\/span><\/span><\/p>\n<h2 style=\"font-size: 120px;\"><span style=\"color: #141515;\">Chambre ciel \u00e9toil\u00e9<\/span><\/h2>\n<p><span style=\"color: #141515;\">Chambre ciel \u00e9toil\u00e9\u00a0avec des LED et les fibres optique de la qualit\u00e9 pour un plafond \u00e9toil\u00e9 plus r\u00e9aliste et pour un vie de longue dur\u00e9. <span lang=\"fr\">MyCosmos le r\u00e9alise<\/span><span lang=\"fr\">\u00a0le ciel comme vous voyez dehors avec les \u00e9toiles qui\u00a0brillent sur votre plafond.<\/span><\/span><\/p>\n<h2 style=\"font-size: 100px;\"><span style=\"color: #141515;\">Chambre \u00e9toil\u00e9e<\/span><\/h2>\n<p><span style=\"color: #141515;\">Chambre \u00e9toil\u00e9e avec des LED et les fibres optique de la qualit\u00e9 pour un plafond \u00e9toil\u00e9 plus r\u00e9aliste et pour un vie de longue dur\u00e9. <span lang=\"fr\">MyCosmos le r\u00e9alise<\/span><span lang=\"fr\">\u00a0le ciel comme vous voyez dehors avec les \u00e9toiles qui\u00a0brillent sur votre plafond.<\/span><\/span><\/p>\n<h2 style=\"font-size: 100px;\"><span style=\"color: #141515;\">Chambre plafond etoile<\/span><\/h2>\n<p><span style=\"color: #141515;\">Chambre plafond etoile\u00a0avec des LED et les fibres optique de la qualit\u00e9 pour un plafond \u00e9toil\u00e9 plus r\u00e9aliste et pour un vie de longue dur\u00e9. <span lang=\"fr\">MyCosmos le r\u00e9alise<\/span><span lang=\"fr\">\u00a0le ciel comme vous voyez dehors avec les \u00e9toiles qui\u00a0brillent sur votre plafond.<\/span><\/span><\/p>\n<h2 style=\"font-size: 100px;\"><span style=\"color: #141515;\">Ciel de plafond<\/span><\/h2>\n<p><span style=\"color: #141515;\">Ciel de plafond avec des LED et les fibres optique de la qualit\u00e9 pour un plafond \u00e9toil\u00e9 plus r\u00e9aliste et pour un vie de longue dur\u00e9. <span lang=\"fr\">MyCosmos le r\u00e9alise<\/span><span lang=\"fr\">\u00a0le ciel comme vous voyez dehors avec les \u00e9toiles qui\u00a0brillent sur votre plafond.<\/span><\/span><\/p>\n<h2 style=\"font-size: 100px;\"><span style=\"color: #141515;\">ciel \u00e9toil\u00e9 chambre b\u00e9b\u00e9<\/span><\/h2>\n<p><span style=\"color: #141515;\">Ciel \u00e9toil\u00e9 chambre b\u00e9b\u00e9 avec des LED et les fibres optique de la qualit\u00e9 pour un plafond \u00e9toil\u00e9 plus r\u00e9aliste et pour un vie de longue dur\u00e9. <span lang=\"fr\">MyCosmos le r\u00e9alise<\/span><span lang=\"fr\">\u00a0le ciel comme vous voyez dehors avec les \u00e9toiles qui\u00a0brillent sur votre plafond.<\/span><\/span><\/p>\n<h2 style=\"font-size: 100px;\"><span style=\"color: #141515;\">Ciel etoile fibre optique<\/span><\/h2>\n<p><span style=\"color: #141515;\">Ciel etoile fibre optique avec des LED et les fibres optique de la qualit\u00e9 pour un plafond \u00e9toil\u00e9 plus r\u00e9aliste et pour un vie de longue dur\u00e9. <span lang=\"fr\">MyCosmos le r\u00e9alise<\/span><span lang=\"fr\">\u00a0le ciel comme vous voyez dehors avec les \u00e9toiles qui\u00a0brillent sur votre plafond.<\/span><\/span><\/p>\n<h2 style=\"font-size: 120px;\"><span style=\"color: #141515;\">ciel \u00e9toil\u00e9 led en fibres optiques blanc multicolore<\/span><br \/>\n<span style=\"color: #141515;\">Ciel \u00e9toil\u00e9 plafond chambre<\/span><\/h2>\n<p><span style=\"color: #141515;\">Ciel \u00e9toil\u00e9 plafond chambre avec des LED et les fibres optique de la qualit\u00e9 pour un plafond \u00e9toil\u00e9 plus r\u00e9aliste et pour un vie de longue dur\u00e9. Les \u00e9toiles\u00a0<span lang=\"fr\">brillent gr\u00e2ce au system des multiple LED par fibre optique. Si vous voulez le ciel comme vous voyez dehors sur votre plafond, MyCosmos le r\u00e9alise.\u00a0<\/span><span lang=\"fr\">MyCosmos le r\u00e9alise<\/span><span lang=\"fr\">\u00a0le ciel comme vous voyez dehors avec les \u00e9toiles qui\u00a0brillent sur votre plafond.<\/span><\/span><\/p>\n<h2><span style=\"color: #141515;\">\u00a0<\/span><\/h2>\n<h2 style=\"font-size: 100px;\"><span style=\"color: #141515;\">ciel etoile pour chambre<\/span><br \/>\n<span style=\"color: #141515;\"> ciel plafond<\/span><\/h2>\n<h2 style=\"font-size: 100px;\"><span style=\"color: #141515;\">eclairage lumineuse\u00a0plafond ciel <\/span><\/h2>\n<h2 style=\"font-size: 100px;\"><span style=\"color: #141515;\">\u00e9toil\u00e9 led fibre optic chambre<\/span><\/h2>\n<p><span style=\"color: #141515;\">Un plafond\u00a0\u00e9toil\u00e9 avec les constellation au choix\u00a0de 250 \u00e9toiles. Avec le syst\u00e8me de secours<span lang=\"fr\">\u00a0(= Backup: double alimentation\u00a0et\u00a0multiple\u00a0<\/span>LED) pour rassurer une longueur de vie de 20 ans. Luminosit\u00e9 et vitesse\u00a0de l&#8217;\u00e9tincelle des \u00e9toiles est r\u00e9gl\u00e9 par t\u00e9l\u00e9commande ou App gratuit sur le\u00a0smartphone ou la tablet.<\/span><\/p>\n<h2 style=\"font-size: 100px;\"><span style=\"color: #141515;\">plafond ciel \u00e9toil\u00e9 led fibre optic chambre<\/span><\/h2>\n<p><span style=\"color: #141515;\">plafond ciel \u00e9toil\u00e9 led fibre optic chambre en pour deco eclairage au lumineuse plafonnier luxe blanc fibres optiques<\/span><\/p>\n<h2 style=\"font-size: 140px;\"><span style=\"color: #141515;\"><b>ciel \u00e9toil\u00e9 chambre<\/b><\/span><\/h2>\n<p><span style=\"color: #141515;\">Un ciel \u00e9toil\u00e9 chambre avec des multiple LED de la haute qualit\u00e9 combin\u00e9 avec de la technologie de pointe sont la base pour les plafond \u00e9toil\u00e9 du MyCosmos. Pour am\u00e9liorer encore l&#8217;effect r\u00e9aliste on a cr\u00e9e le\u00a0scintillement avec de la luminosit\u00e9 et un vrais design des constellation. Pour avoir un beau plafond dans votre chambre, salle de bain ou n&#8217;importe ou vous voulez on utilise les mat\u00e9riaux le mieux adapter a l&#8217;endroit.<\/span><\/p>\n<h2 style=\"font-size: 140px;\"><span style=\"color: #141515;\"><b>ciel etoil\u00e9 fibre optique<\/b><\/span><\/h2>\n<p><span style=\"color: #141515;\">Un ciel etoil\u00e9 fibre optique avec des multiple LED de la haute qualit\u00e9 combin\u00e9 avec de la technologie de pointe sont la base pour les plafond \u00e9toil\u00e9 du MyCosmos. Pour am\u00e9liorer encore l&#8217;effect r\u00e9aliste on a cr\u00e9e le\u00a0scintillement avec de la luminosit\u00e9 et un vrais design des constellation. Pour avoir un beau plafond dans votre chambre, salle de bain ou n&#8217;importe ou vous voulez on utilise les mat\u00e9riaux le mieux adapter a l&#8217;endroit.<\/span><\/p>\n<h2 style=\"font-size: 140px;\"><span style=\"color: #141515;\"><b>ciel \u00e9toil\u00e9 led<\/b><\/span><\/h2>\n<p><span style=\"color: #141515;\">Un ciel etoil\u00e9 LED avec des multiple LED de la haute qualit\u00e9 combin\u00e9 avec de la technologie de pointe sont la base pour les plafond \u00e9toil\u00e9 du MyCosmos. Pour am\u00e9liorer encore l&#8217;effect r\u00e9aliste on a cr\u00e9e le\u00a0scintillement avec de la luminosit\u00e9 et un vrais design des constellation. Pour avoir un beau plafond dans votre chambre, salle de bain ou n&#8217;importe ou vous voulez on utilise les mat\u00e9riaux le mieux adapter a l&#8217;endroit.<\/span><\/p>\n<h2 style=\"font-size: 140px;\"><span style=\"color: #141515;\"><b>fibre optique plafond<\/b><\/span><\/h2>\n<p><span style=\"color: #141515;\">Fibre Optique Plafond pour am\u00e9liorer encore l&#8217;effect r\u00e9aliste on a cr\u00e9e le\u00a0scintillement avec de la luminosit\u00e9 et un vrais design des constellation. Un ciel etoil\u00e9 fibre optique avec des multiple LED de la haute qualit\u00e9 combin\u00e9 avec de la technologie de pointe sont la base pour les plafond \u00e9toil\u00e9 du MyCosmos. \u00a0Pour avoir un beau plafond dans votre chambre, salle de bain ou n&#8217;importe ou vous voulez on utilise les mat\u00e9riaux le mieux adapter a l&#8217;endroit.<\/span><\/p>\n<h2 style=\"font-size: 140px;\"><span style=\"color: #141515;\"><b>plafond ciel \u00e9toil\u00e9<\/b><\/span><\/h2>\n<p><span style=\"color: #141515;\">Plafond ciel \u00e9toil\u00e9 pour am\u00e9liorer encore l&#8217;effect r\u00e9aliste on a cr\u00e9e le\u00a0scintillement avec de la luminosit\u00e9 et un vrais design des constellation. Un ciel etoil\u00e9 fibre optique avec des multiple LED de la haute qualit\u00e9 combin\u00e9 avec de la technologie de pointe sont la base pour les plafond \u00e9toil\u00e9 du MyCosmos. \u00a0Pour avoir un beau plafond dans votre chambre, salle de bain ou n&#8217;importe ou vous voulez on utilise les mat\u00e9riaux le mieux adapter a l&#8217;endroit.<\/span><\/p>\n<h2 style=\"font-size: 140px;\"><span style=\"color: #141515;\"><b>plafond \u00e9toil\u00e9 fibre optique<\/b><\/span><\/h2>\n<p><span style=\"color: #141515;\">Plafond \u00e9toil\u00e9\u00a0Fibre Optique pour am\u00e9liorer encore l&#8217;effect r\u00e9aliste on a cr\u00e9e le\u00a0scintillement avec de la luminosit\u00e9 et un vrais design des constellation. Un ciel etoil\u00e9 fibre optique avec des multiple LED de la haute qualit\u00e9 combin\u00e9 avec de la technologie de pointe sont la base pour les plafond \u00e9toil\u00e9 du MyCosmos. \u00a0Pour avoir un beau plafond dans votre chambre, salle de bain ou n&#8217;importe ou vous voulez on utilise les mat\u00e9riaux le mieux adapter a l&#8217;endroit.<\/span><\/p>\n","protected":false},"excerpt":{"rendered":"<p>Ciel etoil\u00e9 fibre optique Les Prix Un ciel etoil\u00e9 fibre optique avec des multiple LED de la haute qualit\u00e9 combin\u00e9 avec de la technologie de pointe sont la base pour les plafond \u00e9toil\u00e9 du MyCosmos. Pour am\u00e9liorer encore l&#8217;effect r\u00e9aliste on a cr\u00e9e le\u00a0scintillement avec de la luminosit\u00e9 et un vrais design des constellation. Pour &hellip;<\/p>\n","protected":false},"author":1,"featured_media":1228,"parent":0,"menu_order":0,"comment_status":"closed","ping_status":"closed","template":"","meta":{"footnotes":""},"class_list":["post-3745","page","type-page","status-publish","has-post-thumbnail","hentry","has-thumb"],"_links":{"self":[{"href":"https:\/\/mycosmos.eu\/fr\/wp-json\/wp\/v2\/pages\/3745","targetHints":{"allow":["GET"]}}],"collection":[{"href":"https:\/\/mycosmos.eu\/fr\/wp-json\/wp\/v2\/pages"}],"about":[{"href":"https:\/\/mycosmos.eu\/fr\/wp-json\/wp\/v2\/types\/page"}],"author":[{"embeddable":true,"href":"https:\/\/mycosmos.eu\/fr\/wp-json\/wp\/v2\/users\/1"}],"replies":[{"embeddable":true,"href":"https:\/\/mycosmos.eu\/fr\/wp-json\/wp\/v2\/comments?post=3745"}],"version-history":[{"count":31,"href":"https:\/\/mycosmos.eu\/fr\/wp-json\/wp\/v2\/pages\/3745\/revisions"}],"predecessor-version":[{"id":5598,"href":"https:\/\/mycosmos.eu\/fr\/wp-json\/wp\/v2\/pages\/3745\/revisions\/5598"}],"wp:featuredmedia":[{"embeddable":true,"href":"https:\/\/mycosmos.eu\/fr\/wp-json\/wp\/v2\/media\/1228"}],"wp:attachment":[{"href":"https:\/\/mycosmos.eu\/fr\/wp-json\/wp\/v2\/media?parent=3745"}],"curies":[{"name":"wp","href":"https:\/\/api.w.org\/{rel}","templated":true}]}}