{"id":3641,"date":"2017-09-17T17:46:20","date_gmt":"2017-09-17T15:46:20","guid":{"rendered":"http:\/\/mycosmos.eu\/blog\/mycosmos\/"},"modified":"2021-06-24T09:23:16","modified_gmt":"2021-06-24T07:23:16","slug":"mycosmos","status":"publish","type":"page","link":"https:\/\/mycosmos.eu\/fr\/mycosmos\/","title":{"rendered":"MyCosmos"},"content":{"rendered":"<p><span style=\"text-decoration: underline;\"><strong><span style=\"font-size: 25px;\">Specifications Techniques<\/span><\/strong><\/span><\/p>\n<p style=\"padding-left: 30px;\"><span style=\"font-size: 20px;\">Puissance 1 \u00e0 3 watts par m\u00e8tre carr\u00e9<br \/>\nTablet\/smartphone et App gratuit<br \/>\nEspace derri\u00e8re le plafond : 5 cm ou plus (0 \u00e0 2 cm possible)<br \/>\nVariateur d&#8217;intensit\u00e9 de la lumiere \/ Dimmable<br \/>\nVitesse r\u00e9glable du scintillement<br \/>\nScintillement \u00e0 la musique possible<\/span><\/p>\n<p><span style=\"text-decoration: underline;\"><strong><span style=\"font-size: 25px;\">Mat\u00e9riaux<\/span><\/strong><\/span><\/p>\n<p><strong><span style=\"font-size: 25px;\">Peuplier\u00a0fran\u00e7ais<\/span><\/strong><\/p>\n<p>Le bois sp\u00e9cialement fabriqu\u00e9 pour les plafonds, car il est \u00e0 moiti\u00e9 plus l\u00e9ger que les panneaux MDF.<br \/>\nSelon le projet, il est appliqu\u00e9 en diff\u00e9rentes \u00e9paisseurs et tailles.<\/p>\n<p><img loading=\"lazy\" decoding=\"async\" class=\"alignnone wp-image-3020\" src=\"http:\/\/mycosmos.eu\/wp-content\/uploads\/2017\/06\/Plafond-Ciel-\u00e9toil\u00e9-LED-Fibre-Optique-chambre-etoiler-pour-dans-en-mycosmos-300x201.jpg\" alt=\"Plafond Ciel \u00e9toil\u00e9 LED Fibre Optique chambre etoiler pour dans en mycosmos\" width=\"457\" height=\"306\" srcset=\"https:\/\/mycosmos.eu\/wp-content\/uploads\/2017\/06\/Plafond-Ciel-\u00e9toil\u00e9-LED-Fibre-Optique-chambre-etoiler-pour-dans-en-mycosmos-300x201.jpg 300w, https:\/\/mycosmos.eu\/wp-content\/uploads\/2017\/06\/Plafond-Ciel-\u00e9toil\u00e9-LED-Fibre-Optique-chambre-etoiler-pour-dans-en-mycosmos-768x514.jpg 768w, https:\/\/mycosmos.eu\/wp-content\/uploads\/2017\/06\/Plafond-Ciel-\u00e9toil\u00e9-LED-Fibre-Optique-chambre-etoiler-pour-dans-en-mycosmos-1024x685.jpg 1024w, https:\/\/mycosmos.eu\/wp-content\/uploads\/2017\/06\/Plafond-Ciel-\u00e9toil\u00e9-LED-Fibre-Optique-chambre-etoiler-pour-dans-en-mycosmos-652x436.jpg 652w, https:\/\/mycosmos.eu\/wp-content\/uploads\/2017\/06\/Plafond-Ciel-\u00e9toil\u00e9-LED-Fibre-Optique-chambre-etoiler-pour-dans-en-mycosmos.jpg 1084w\" sizes=\"auto, (max-width: 457px) 100vw, 457px\" \/><\/p>\n<h4><a href=\"https:\/\/mycosmos.eu\/fr\/projects-archive\/chambre-plafond-etoilee\/\"><span style=\"color: #ff6600;\">Cliquez pour voir les projets<\/span><\/a><\/h4>\n<p><strong><span style=\"font-size: 25px;\">Okoume<\/span><\/strong><\/p>\n<p>Bois adapt\u00e9 aux zones humides et pouvant \u00eatre utilis\u00e9 \u00e0 l&#8217;ext\u00e9rieur.<br \/>\nIl est appliqu\u00e9 en diff\u00e9rentes \u00e9paisseurs et tailles.<\/p>\n<p><img loading=\"lazy\" decoding=\"async\" class=\"alignnone wp-image-1239\" src=\"http:\/\/mycosmos.eu\/wp-content\/uploads\/2016\/12\/Ciel-\u00e9toil\u00e9-Fibre-Optic-Plafond-led-chambre-salle-de-bain-sauna-spa-luxe-voies-lact\u00e9es-photos-image-285x300.jpg\" alt=\"Ciel-\u00e9toil\u00e9-Fibre-Optic-Plafond-led-chambre-salle-de-bain-sauna-spa-luxe-voies-lact\u00e9es-photos-image\" width=\"457\" height=\"481\" srcset=\"https:\/\/mycosmos.eu\/wp-content\/uploads\/2016\/12\/Ciel-\u00e9toil\u00e9-Fibre-Optic-Plafond-led-chambre-salle-de-bain-sauna-spa-luxe-voies-lact\u00e9es-photos-image-285x300.jpg 285w, https:\/\/mycosmos.eu\/wp-content\/uploads\/2016\/12\/Ciel-\u00e9toil\u00e9-Fibre-Optic-Plafond-led-chambre-salle-de-bain-sauna-spa-luxe-voies-lact\u00e9es-photos-image-652x686.jpg 652w, https:\/\/mycosmos.eu\/wp-content\/uploads\/2016\/12\/Ciel-\u00e9toil\u00e9-Fibre-Optic-Plafond-led-chambre-salle-de-bain-sauna-spa-luxe-voies-lact\u00e9es-photos-image.jpg 730w\" sizes=\"auto, (max-width: 457px) 100vw, 457px\" \/><\/p>\n<h4><a href=\"https:\/\/mycosmos.eu\/fr\/projects-archive\/chambre-plafond-etoilee\/\"><span style=\"color: #ff6600;\">Cliquez pour voir les projets<\/span><\/a><\/h4>\n<p><strong><span style=\"font-size: 25px;\">MDF<\/span><\/strong><\/p>\n<p>Il est appliqu\u00e9 en diff\u00e9rentes \u00e9paisseurs et tailles, mais la pr\u00e9f\u00e9rence c&#8217;est le peuplier.<\/p>\n<p><strong><span style=\"font-size: 25px;\">Rockpanel<\/span><\/strong><br \/>\nNous avons d\u00e9velopp\u00e9 une m\u00e9thode unique pour cr\u00e9er un plafond sans jointe avec le plus grand quantit\u00e9 des \u00e9toiles par m\u00e8tre carr\u00e9 dans le monde. Les fibres de verre fragiles, l&#8217;\u00e9clairage LED et le travail de fixation au plafond peuvent \u00eatre r\u00e9alis\u00e9s gr\u00e2ce au syst\u00e8me MyCosmos,\u00a0<span lang=\"fr\">avec des \u00e9toiles qui brillent\u00a0<\/span>m\u00eame dans le fixation\u00a0au plafond. En cons\u00e9quence, il n&#8217;y a pas d&#8217;interruption dans les constellations et vous n&#8217;obtiendrez pas un effet de panneau, mais une galaxie \u00e9norme. La journ\u00e9e il peux avoir une leg\u00e8re jointe visible, sinon on va perde trop d&#8217;\u00e9toiles sous l&#8217;enduit.<\/p>\n<p><strong><span style=\"font-size: 25px;\">Aluminium<\/span><\/strong><br \/>\nUn panneau d&#8217;aluminium pour une finition et une apparence tr\u00e8s luxueuses.<\/p>\n<p><strong><span style=\"font-size: 25px;\">Pierre, carrelage, Mosa\u00efque<\/span><\/strong><br \/>\nPour le fond de la piscine et un beau plancher qui \u00e9tincelle la nuit, nous avons une m\u00e9thode sp\u00e9ciale pour r\u00e9aliser un \u00e9clairage magique dans un endroit presque impossible.<\/p>\n<p><strong><span style=\"font-size: 25px;\">Syst\u00e8me de plafond suspendu<\/span><\/strong><br \/>\nLes panneaux en laine de verre sont fait de plusieurs tailles diff\u00e9rentes et en profil cach\u00e9. Le choix pour les entreprises pour les raison d&#8217;acoustique et un acc\u00e8s facile derri\u00e8re le plafond.<\/p>\n<p><img loading=\"lazy\" decoding=\"async\" class=\"alignnone wp-image-1553\" src=\"http:\/\/mycosmos.eu\/wp-content\/uploads\/2017\/03\/Ciel-\u00e9toil\u00e9-Fibre-Optic-Plafond-led-photos-image-salle-de-sport-voies-lact\u00e9es-etoiler-plafond-dans-pour-salle-de-fete-boite-de-nuit--200x300.jpg\" alt=\"Ciel \u00e9toil\u00e9 Fibre Optic Plafond led photos image salle de sport voies lact\u00e9es etoile plafond dans pour salle de fete boite de nuit\" width=\"441\" height=\"662\" srcset=\"https:\/\/mycosmos.eu\/wp-content\/uploads\/2017\/03\/Ciel-\u00e9toil\u00e9-Fibre-Optic-Plafond-led-photos-image-salle-de-sport-voies-lact\u00e9es-etoiler-plafond-dans-pour-salle-de-fete-boite-de-nuit--200x300.jpg 200w, https:\/\/mycosmos.eu\/wp-content\/uploads\/2017\/03\/Ciel-\u00e9toil\u00e9-Fibre-Optic-Plafond-led-photos-image-salle-de-sport-voies-lact\u00e9es-etoiler-plafond-dans-pour-salle-de-fete-boite-de-nuit-.jpg 683w, https:\/\/mycosmos.eu\/wp-content\/uploads\/2017\/03\/Ciel-\u00e9toil\u00e9-Fibre-Optic-Plafond-led-photos-image-salle-de-sport-voies-lact\u00e9es-etoiler-plafond-dans-pour-salle-de-fete-boite-de-nuit--550x825.jpg 550w\" sizes=\"auto, (max-width: 441px) 100vw, 441px\" \/><\/p>\n<p><strong><span style=\"font-size: 25px;\">Les panneaux acoustiques<\/span><\/strong><br \/>\nLes panneaux acoustiques de diff\u00e9rentes couleurs sont en grand format avec un bord de 4 cm et un simple montage au plafond.<\/p>\n<p><img loading=\"lazy\" decoding=\"async\" class=\"alignnone wp-image-1756\" src=\"http:\/\/mycosmos.eu\/wp-content\/uploads\/2017\/04\/Plafond-\u00e9toil\u00e9-Fibre-Optic-led-Ciel-chambre-luxe-photos-image-acoustique-faux-romantique-300x150.jpg\" alt=\"Plafond \u00e9toil\u00e9 Fibre Optic led Ciel chambre luxe photos image acoustique faux romantique\" width=\"686\" height=\"343\" srcset=\"https:\/\/mycosmos.eu\/wp-content\/uploads\/2017\/04\/Plafond-\u00e9toil\u00e9-Fibre-Optic-led-Ciel-chambre-luxe-photos-image-acoustique-faux-romantique-300x150.jpg 300w, https:\/\/mycosmos.eu\/wp-content\/uploads\/2017\/04\/Plafond-\u00e9toil\u00e9-Fibre-Optic-led-Ciel-chambre-luxe-photos-image-acoustique-faux-romantique-768x384.jpg 768w, https:\/\/mycosmos.eu\/wp-content\/uploads\/2017\/04\/Plafond-\u00e9toil\u00e9-Fibre-Optic-led-Ciel-chambre-luxe-photos-image-acoustique-faux-romantique.jpg 1024w, https:\/\/mycosmos.eu\/wp-content\/uploads\/2017\/04\/Plafond-\u00e9toil\u00e9-Fibre-Optic-led-Ciel-chambre-luxe-photos-image-acoustique-faux-romantique-652x326.jpg 652w\" sizes=\"auto, (max-width: 686px) 100vw, 686px\" \/><\/p>\n<p><span style=\"text-decoration: underline;\"><strong><span style=\"font-size: 25px;\">Les \u00e9toiles<\/span><\/strong><\/span><\/p>\n<p style=\"padding-left: 30px;\"><span style=\"font-size: 20px;\">5 nuances de lumi\u00e8re LED blanche<br \/>\n4 \u00e0 12 diam\u00e8tres de fibre optique<br \/>\nScintillement \/ \u00e9tincelle r\u00e9glable de la vitesse 0 \u00e0 100%<br \/>\nVitesse r\u00e9glable de 0 \u00e0 100%<br \/>\nVariations de luminosit\u00e9<br \/>\nLED Dimmable<br \/>\n75 \u00e0 150 \u00e9toiles \/ m\u00b2<br \/>\nConstellations \/ Signe du zodiaque<\/span><\/p>\n<p><span style=\"text-decoration: underline;\"><span style=\"font-size: 20px;\">En option:<\/span><\/span><\/p>\n<p style=\"padding-left: 30px;\"><span style=\"font-size: 20px;\"> Les \u00e9toiles en couleurs (RGB)<br \/>\nVoie lact\u00e9e,\u00a0des centaines et des milliers d&#8217;\u00e9toiles<\/span><\/p>\n<p><img loading=\"lazy\" decoding=\"async\" class=\"alignnone size-full wp-image-5711\" src=\"https:\/\/mycosmos.eu\/wp-content\/uploads\/2021\/06\/mycosmos-wellness-sauna-plafond-etoile-etoilee-limineuse-fibre-optic.jpg\" alt=\"\" width=\"1920\" height=\"483\" srcset=\"https:\/\/mycosmos.eu\/wp-content\/uploads\/2021\/06\/mycosmos-wellness-sauna-plafond-etoile-etoilee-limineuse-fibre-optic.jpg 1920w, https:\/\/mycosmos.eu\/wp-content\/uploads\/2021\/06\/mycosmos-wellness-sauna-plafond-etoile-etoilee-limineuse-fibre-optic-300x75.jpg 300w, https:\/\/mycosmos.eu\/wp-content\/uploads\/2021\/06\/mycosmos-wellness-sauna-plafond-etoile-etoilee-limineuse-fibre-optic-1024x258.jpg 1024w, https:\/\/mycosmos.eu\/wp-content\/uploads\/2021\/06\/mycosmos-wellness-sauna-plafond-etoile-etoilee-limineuse-fibre-optic-768x193.jpg 768w, https:\/\/mycosmos.eu\/wp-content\/uploads\/2021\/06\/mycosmos-wellness-sauna-plafond-etoile-etoilee-limineuse-fibre-optic-1536x386.jpg 1536w, https:\/\/mycosmos.eu\/wp-content\/uploads\/2021\/06\/mycosmos-wellness-sauna-plafond-etoile-etoilee-limineuse-fibre-optic-652x164.jpg 652w\" sizes=\"auto, (max-width: 1920px) 100vw, 1920px\" \/><\/p>\n<p style=\"padding-left: 30px;\">\n<p><span style=\"font-size: 20px;\">Scintillement \/ \u00e9tincelle r\u00e9glable de la vitesse 0 \u00e0 100%<\/span><\/p>\n<div style=\"width: 360px;\" class=\"wp-video\"><video class=\"wp-video-shortcode\" id=\"video-3641-1\" width=\"360\" height=\"640\" autoplay preload=\"auto\" controls=\"controls\"><source type=\"video\/mp4\" src=\"http:\/\/mycosmos.eu\/wp-content\/uploads\/2017\/09\/MyCosmos-85-prc-sterren-twinkeling.mp4?_=1\" \/><a href=\"http:\/\/mycosmos.eu\/wp-content\/uploads\/2017\/09\/MyCosmos-85-prc-sterren-twinkeling.mp4\">http:\/\/mycosmos.eu\/wp-content\/uploads\/2017\/09\/MyCosmos-85-prc-sterren-twinkeling.mp4<\/a><\/video><\/div>\n<p>\u00e9toiles filantes \/ M\u00e9t\u00e9orites, qui passent toutes les 25 secondes<\/p>\n<div style=\"width: 710px;\" class=\"wp-video\"><video class=\"wp-video-shortcode\" id=\"video-3641-2\" width=\"710\" height=\"399\" autoplay preload=\"auto\" controls=\"controls\"><source type=\"video\/mp4\" src=\"http:\/\/mycosmos.eu\/wp-content\/uploads\/2017\/03\/Star-Ceiling-fiber-optic-LED-lighting-lights-design-shooting-stars-milky-way-meteors-realistic-exclusive-1-2.mp4?_=2\" \/><a href=\"http:\/\/mycosmos.eu\/wp-content\/uploads\/2017\/03\/Star-Ceiling-fiber-optic-LED-lighting-lights-design-shooting-stars-milky-way-meteors-realistic-exclusive-1-2.mp4\">http:\/\/mycosmos.eu\/wp-content\/uploads\/2017\/03\/Star-Ceiling-fiber-optic-LED-lighting-lights-design-shooting-stars-milky-way-meteors-realistic-exclusive-1-2.mp4<\/a><\/video><\/div>\n<h2 style=\"font-size: 50px;\">\u00a0<span style=\"color: #141515;\">Ciel etoil\u00e9 Fibre Optique<\/span><\/h2>\n<p><span style=\"text-decoration: underline;\"><strong><span style=\"font-size: 25px;\">Montage<\/span><\/strong><\/span><\/p>\n<p>Plusieurs possibilit\u00e9s de montage fait sur mesure:<\/p>\n<p style=\"padding-left: 30px;\"><span style=\"font-size: 20px;\">Sans vis<br \/>\nFlottant<br \/>\nC\u00e2bles r\u00e9glables en hauteur<br \/>\nFinition de bord<br \/>\nouvert<br \/>\nSuspension d&#8217;aimants<br \/>\nColl\u00e9<\/span><\/p>\n<p><span style=\"text-decoration: underline;\"><span style=\"font-size: 20px;\">Plusieurs panneaux:<\/span><\/span><\/p>\n<p style=\"padding-left: 30px;\"><span style=\"font-size: 20px;\">Connexion c\u00e2ble 12 volts<br \/>\nSans coutures<br \/>\nRaccord Lamello<br \/>\n\u00e9clairage encastr\u00e9<br \/>\nBordure \/ Ornements<\/span><\/p>\n<h2><span style=\"color: #141515;\">Ciel \u00e9toil\u00e9 Plafond<\/span><\/h2>\n<h2 style=\"font-size: 50px; padding-left: 30px;\"><span style=\"color: #141515;\"><b>chambre plafond etoile<\/b><\/span><\/h2>\n<h4><a href=\"\/?page_id=3327\"><span style=\"color: #ff6600;\">Les prix<\/span><\/a><\/h4>\n<h4><a href=\"https:\/\/mycosmos.eu\/fr\/projects-archive\/chambre-plafond-etoilee\/\"><span style=\"color: #ff6600;\">Les projets<\/span><\/a><\/h4>\n<h2 style=\"font-size: 100px;\"><span style=\"color: #141515;\"><b>ciel etoile fibre optique<\/b><\/span><\/h2>\n<h2 style=\"font-size: 100px;\"><span style=\"color: #141515;\"><b>ciel \u00e9toil\u00e9 plafond chambre<\/b><\/span><\/h2>\n<h2 style=\"font-size: 120px;\"><span style=\"color: #141515;\"><b>ciel plafond<\/b><\/span><\/h2>\n<h2 style=\"font-size: 100px;\"><span style=\"color: #141515;\"><b>etoile chambre plafond<\/b><\/span><\/h2>\n<h2 style=\"font-size: 50px;\"><span style=\"color: #141515;\"><b>faux plafond ciel \u00e9toil\u00e9<\/b><\/span><\/h2>\n<h2 style=\"font-size: 50px;\"><span style=\"color: #141515;\"><b>fibre optique plafond \u00e9toil\u00e9<\/b><\/span><\/h2>\n","protected":false},"excerpt":{"rendered":"<p>Specifications Techniques Puissance 1 \u00e0 3 watts par m\u00e8tre carr\u00e9 Tablet\/smartphone et App gratuit Espace derri\u00e8re le plafond : 5 cm ou plus (0 \u00e0 2 cm possible) Variateur d&#8217;intensit\u00e9 de la lumiere \/ Dimmable Vitesse r\u00e9glable du scintillement Scintillement \u00e0 la musique possible Mat\u00e9riaux Peuplier\u00a0fran\u00e7ais Le bois sp\u00e9cialement fabriqu\u00e9 pour les plafonds, car il &hellip;<\/p>\n","protected":false},"author":1,"featured_media":3536,"parent":0,"menu_order":0,"comment_status":"closed","ping_status":"closed","template":"","meta":{"footnotes":""},"class_list":["post-3641","page","type-page","status-publish","has-post-thumbnail","hentry","has-thumb"],"_links":{"self":[{"href":"https:\/\/mycosmos.eu\/fr\/wp-json\/wp\/v2\/pages\/3641","targetHints":{"allow":["GET"]}}],"collection":[{"href":"https:\/\/mycosmos.eu\/fr\/wp-json\/wp\/v2\/pages"}],"about":[{"href":"https:\/\/mycosmos.eu\/fr\/wp-json\/wp\/v2\/types\/page"}],"author":[{"embeddable":true,"href":"https:\/\/mycosmos.eu\/fr\/wp-json\/wp\/v2\/users\/1"}],"replies":[{"embeddable":true,"href":"https:\/\/mycosmos.eu\/fr\/wp-json\/wp\/v2\/comments?post=3641"}],"version-history":[{"count":32,"href":"https:\/\/mycosmos.eu\/fr\/wp-json\/wp\/v2\/pages\/3641\/revisions"}],"predecessor-version":[{"id":5721,"href":"https:\/\/mycosmos.eu\/fr\/wp-json\/wp\/v2\/pages\/3641\/revisions\/5721"}],"wp:featuredmedia":[{"embeddable":true,"href":"https:\/\/mycosmos.eu\/fr\/wp-json\/wp\/v2\/media\/3536"}],"wp:attachment":[{"href":"https:\/\/mycosmos.eu\/fr\/wp-json\/wp\/v2\/media?parent=3641"}],"curies":[{"name":"wp","href":"https:\/\/api.w.org\/{rel}","templated":true}]}}