{"id":3327,"date":"2017-07-11T20:13:37","date_gmt":"2017-07-11T18:13:37","guid":{"rendered":"http:\/\/mycosmos.eu\/fibre-optic-star-ceiling-price\/"},"modified":"2025-06-16T12:46:40","modified_gmt":"2025-06-16T10:46:40","slug":"plafond-ciel-etoile-led-prix","status":"publish","type":"page","link":"https:\/\/mycosmos.eu\/fr\/plafond-ciel-etoile-led-prix\/","title":{"rendered":"Plafond Ciel \u00e9toil\u00e9 LED prix"},"content":{"rendered":"<div id=\"tw-target-text-container\" class=\"tw-ta-container tw-nfl\">\n<p id=\"tw-target-text\" class=\"tw-data-text tw-ta tw-text-small\" dir=\"ltr\" data-placeholder=\"Vertaling\"><span lang=\"fr\">Tous les plafonds sont uniques et exclusifs dans les mat\u00e9riaux utilis\u00e9s, comme les diff\u00e9rents types de bois, \u00a0Rockpannels, les panneaux acoustiques en fibre de verre, aluminium, en pierre et en plexiglas \/ acrylique. En termes de design, les couleurs et les dimensions r\u00e9pondent \u00e0 vos besoins.<\/span><\/p>\n<p dir=\"ltr\" data-placeholder=\"Vertaling\">Livraison dans le monde entier.<\/p>\n<\/div>\n<p id=\"tw-target-text\" class=\"tw-data-text tw-ta tw-text-small\" dir=\"ltr\" data-placeholder=\"Vertaling\"><span lang=\"fr\">Contactez nous pour un devis gratuit : <a href=\"https:\/\/mycosmos.eu\/fr\/contact\/\">Devis gratuit<\/a><\/span><\/p>\n<p class=\"tw-data-text tw-ta tw-text-small\" dir=\"ltr\" data-placeholder=\"Vertaling\">Faire soi m\u00eame le Plafond \u00e9toil\u00e9 de votre chambre par example:<\/p>\n<p><span style=\"text-decoration: underline;\"><strong>Le \u00a0kit<\/strong> <strong>450 euro<\/strong>:<\/span><\/p>\n<ul>\n<li><strong>450 fibres optiques (pour une 120 x 240 cm)<\/strong><\/li>\n<li><strong>12 volt transformateur<\/strong><\/li>\n<li><strong>Wifi Controller<\/strong><\/li>\n<li><strong>Manuelle + design<\/strong><\/li>\n<li><strong>Assistance\u00a0via t\u00e9l\u00e9phone, whatsapp ou email.<\/strong><\/li>\n<li><strong>Les kits sont fabriqu\u00e9 sur mesure de votre projet ou taille des panneaux.<\/strong><\/li>\n<\/ul>\n<p><span style=\"text-decoration: underline;\"><strong>Les Options:<\/strong><\/span><\/p>\n<ul>\n<li><strong>2 \u00e9toiles filantes<\/strong><\/li>\n<li><strong>Voie Lact\u00e9e<\/strong><\/li>\n<li><strong>Les \u00e9toiles RVB (Rouge, Vert, Blue)<\/strong><\/li>\n<\/ul>\n<h1 style=\"font-size: 100px;\"><span style=\"color: #141515;\"><strong>Ciel \u00e9toil\u00e9\u00a0<\/strong><\/span><span style=\"color: #141515;\"><strong>Plafond<\/strong><\/span><\/h1>\n<h3 id=\"tw-target-text\" class=\"tw-data-text tw-ta tw-text-small\" dir=\"ltr\" data-placeholder=\"Vertaling\"><a href=\"http:\/\/mycosmos.eu\/fr\/projects_category\/e1-000-e2-500-fr\/\"><em>\u00e0 partir de\u00a0<\/em>\u20ac 1.000<\/a><\/h3>\n<p style=\"text-align: left;\"><a href=\"http:\/\/mycosmos.eu\/fr\/projects_category\/e1-000-e2-500-fr\/\"><img loading=\"lazy\" decoding=\"async\" class=\"alignnone wp-image-2212\" src=\"http:\/\/mycosmos.eu\/wp-content\/uploads\/2017\/05\/sterrenhemel-plafond-verlichting-led-glasvezel-slaapkamer-badkamer-romantisch-ideen-voorbeeld-luxe-mycosmos-klein-222x300.png\" alt=\"Zwevend Plafond sterrenhemel plafond verlichting led glasvezel slaapkamer badkamer romantisch ideen voorbeeld luxe mycosmos\" width=\"336\" height=\"454\" srcset=\"https:\/\/mycosmos.eu\/wp-content\/uploads\/2017\/05\/sterrenhemel-plafond-verlichting-led-glasvezel-slaapkamer-badkamer-romantisch-ideen-voorbeeld-luxe-mycosmos-klein-222x300.png 222w, https:\/\/mycosmos.eu\/wp-content\/uploads\/2017\/05\/sterrenhemel-plafond-verlichting-led-glasvezel-slaapkamer-badkamer-romantisch-ideen-voorbeeld-luxe-mycosmos-klein.png 569w\" sizes=\"auto, (max-width: 336px) 100vw, 336px\" \/><img loading=\"lazy\" decoding=\"async\" class=\"alignnone wp-image-1141\" src=\"http:\/\/mycosmos.eu\/wp-content\/uploads\/2017\/03\/sterrenhemel-plafond-verlichting-slaapkamer-zwevend-akoestisch-eurocoustic-rockfon-verlaagd-romantisch-MyCosmos-300x150.jpg\" alt=\"sterrenhemel plafond verlichting slaapkamer zwevend akoestisch eurocoustic rockfon verlaagd romantisch MyCosmos\" width=\"340\" height=\"170\" srcset=\"https:\/\/mycosmos.eu\/wp-content\/uploads\/2017\/03\/sterrenhemel-plafond-verlichting-slaapkamer-zwevend-akoestisch-eurocoustic-rockfon-verlaagd-romantisch-MyCosmos-300x150.jpg 300w, https:\/\/mycosmos.eu\/wp-content\/uploads\/2017\/03\/sterrenhemel-plafond-verlichting-slaapkamer-zwevend-akoestisch-eurocoustic-rockfon-verlaagd-romantisch-MyCosmos-768x384.jpg 768w, https:\/\/mycosmos.eu\/wp-content\/uploads\/2017\/03\/sterrenhemel-plafond-verlichting-slaapkamer-zwevend-akoestisch-eurocoustic-rockfon-verlaagd-romantisch-MyCosmos-1024x512.jpg 1024w, https:\/\/mycosmos.eu\/wp-content\/uploads\/2017\/03\/sterrenhemel-plafond-verlichting-slaapkamer-zwevend-akoestisch-eurocoustic-rockfon-verlaagd-romantisch-MyCosmos-652x326.jpg 652w, https:\/\/mycosmos.eu\/wp-content\/uploads\/2017\/03\/sterrenhemel-plafond-verlichting-slaapkamer-zwevend-akoestisch-eurocoustic-rockfon-verlaagd-romantisch-MyCosmos.jpg 1591w\" sizes=\"auto, (max-width: 340px) 100vw, 340px\" \/><img loading=\"lazy\" decoding=\"async\" class=\"alignnone wp-image-1172\" src=\"http:\/\/mycosmos.eu\/wp-content\/uploads\/2016\/11\/sterrenhemel-plafond-verlichting-buiten-dakterras-balkon-LED-mycosmos-300x197.png\" alt=\"sterrenhemel plafond verlichting buiten dakterras balkon LED mycosmos\" width=\"178\" height=\"117\" srcset=\"https:\/\/mycosmos.eu\/wp-content\/uploads\/2016\/11\/sterrenhemel-plafond-verlichting-buiten-dakterras-balkon-LED-mycosmos-300x197.png 300w, https:\/\/mycosmos.eu\/wp-content\/uploads\/2016\/11\/sterrenhemel-plafond-verlichting-buiten-dakterras-balkon-LED-mycosmos.png 640w\" sizes=\"auto, (max-width: 178px) 100vw, 178px\" \/><img loading=\"lazy\" decoding=\"async\" class=\"alignnone wp-image-1843\" src=\"http:\/\/mycosmos.eu\/wp-content\/uploads\/2017\/04\/Sterrenhemel-verlichting-plafond-badkamer-LED-glasvezel-luxe-interieur-ideen-sfeer-inspiratie-270x300.jpg\" alt=\"Sterrenhemel verlichting plafond badkamer LED glasvezel luxe interieur ideen sfeer inspiratie\" width=\"64\" height=\"71\" srcset=\"https:\/\/mycosmos.eu\/wp-content\/uploads\/2017\/04\/Sterrenhemel-verlichting-plafond-badkamer-LED-glasvezel-luxe-interieur-ideen-sfeer-inspiratie-270x300.jpg 270w, https:\/\/mycosmos.eu\/wp-content\/uploads\/2017\/04\/Sterrenhemel-verlichting-plafond-badkamer-LED-glasvezel-luxe-interieur-ideen-sfeer-inspiratie-768x855.jpg 768w, https:\/\/mycosmos.eu\/wp-content\/uploads\/2017\/04\/Sterrenhemel-verlichting-plafond-badkamer-LED-glasvezel-luxe-interieur-ideen-sfeer-inspiratie.jpg 920w, https:\/\/mycosmos.eu\/wp-content\/uploads\/2017\/04\/Sterrenhemel-verlichting-plafond-badkamer-LED-glasvezel-luxe-interieur-ideen-sfeer-inspiratie-652x726.jpg 652w\" sizes=\"auto, (max-width: 64px) 100vw, 64px\" \/><\/a><\/p>\n<h1 style=\"font-size: 100px;\"><span style=\"color: #141515;\"><strong>Plafond Ciel \u00e9toil\u00e9<\/strong><\/span><\/h1>\n<h3><a href=\"http:\/\/mycosmos.eu\/fr\/projects_category\/e2-500-e5-000-fr\/\"><em>\u00e0 partir de\u00a0<\/em>\u20ac 2.500<\/a><\/h3>\n<p><a href=\"http:\/\/mycosmos.eu\/fr\/projects_category\/e2-500-e5-000-fr\/\"><img loading=\"lazy\" decoding=\"async\" class=\"alignnone wp-image-1309\" src=\"http:\/\/mycosmos.eu\/wp-content\/uploads\/2016\/11\/Sterrenhemel-plafond-verlichting-LED-glasvezel-slaapkamer-romantisch-ideen-voorbeelden-afbeeldingen-300x211.jpg\" alt=\"Sterrenhemel plafond verlichting LED glasvezel slaapkamer romantisch ideen voorbeelden afbeeldingen\" width=\"438\" height=\"308\" srcset=\"https:\/\/mycosmos.eu\/wp-content\/uploads\/2016\/11\/Sterrenhemel-plafond-verlichting-LED-glasvezel-slaapkamer-romantisch-ideen-voorbeelden-afbeeldingen-300x211.jpg 300w, https:\/\/mycosmos.eu\/wp-content\/uploads\/2016\/11\/Sterrenhemel-plafond-verlichting-LED-glasvezel-slaapkamer-romantisch-ideen-voorbeelden-afbeeldingen-768x539.jpg 768w, https:\/\/mycosmos.eu\/wp-content\/uploads\/2016\/11\/Sterrenhemel-plafond-verlichting-LED-glasvezel-slaapkamer-romantisch-ideen-voorbeelden-afbeeldingen-1024x719.jpg 1024w, https:\/\/mycosmos.eu\/wp-content\/uploads\/2016\/11\/Sterrenhemel-plafond-verlichting-LED-glasvezel-slaapkamer-romantisch-ideen-voorbeelden-afbeeldingen-652x458.jpg 652w\" sizes=\"auto, (max-width: 438px) 100vw, 438px\" \/><img loading=\"lazy\" decoding=\"async\" class=\"alignnone wp-image-1346\" src=\"http:\/\/mycosmos.eu\/wp-content\/uploads\/2016\/12\/led-Sterrenhemel-plafond-verlichting-romantisch-slaapkamer-design-realistisch-verlaagd-300x201.jpg\" alt=\"led Sterrenhemel plafond verlichting romantisch slaapkamer design realistisch verlaagd\" width=\"275\" height=\"184\" srcset=\"https:\/\/mycosmos.eu\/wp-content\/uploads\/2016\/12\/led-Sterrenhemel-plafond-verlichting-romantisch-slaapkamer-design-realistisch-verlaagd-300x201.jpg 300w, https:\/\/mycosmos.eu\/wp-content\/uploads\/2016\/12\/led-Sterrenhemel-plafond-verlichting-romantisch-slaapkamer-design-realistisch-verlaagd-768x514.jpg 768w, https:\/\/mycosmos.eu\/wp-content\/uploads\/2016\/12\/led-Sterrenhemel-plafond-verlichting-romantisch-slaapkamer-design-realistisch-verlaagd-1024x685.jpg 1024w, https:\/\/mycosmos.eu\/wp-content\/uploads\/2016\/12\/led-Sterrenhemel-plafond-verlichting-romantisch-slaapkamer-design-realistisch-verlaagd-652x436.jpg 652w, https:\/\/mycosmos.eu\/wp-content\/uploads\/2016\/12\/led-Sterrenhemel-plafond-verlichting-romantisch-slaapkamer-design-realistisch-verlaagd.jpg 1084w\" sizes=\"auto, (max-width: 275px) 100vw, 275px\" \/><img loading=\"lazy\" decoding=\"async\" class=\"alignnone wp-image-1612\" src=\"http:\/\/mycosmos.eu\/wp-content\/uploads\/2016\/12\/LED-sterrenhemel-verlichting-badkamer-plafond-valende-sterren-melkweg-MyCosmos-luxe-ideeen-exclusief-voorbeelden-300x282.jpg\" alt=\"LED sterrenhemel verlichting badkamer plafond valende sterren melkweg MyCosmos luxe ideeen exclusief voorbeelden\" width=\"131\" height=\"123\" srcset=\"https:\/\/mycosmos.eu\/wp-content\/uploads\/2016\/12\/LED-sterrenhemel-verlichting-badkamer-plafond-valende-sterren-melkweg-MyCosmos-luxe-ideeen-exclusief-voorbeelden-300x282.jpg 300w, https:\/\/mycosmos.eu\/wp-content\/uploads\/2016\/12\/LED-sterrenhemel-verlichting-badkamer-plafond-valende-sterren-melkweg-MyCosmos-luxe-ideeen-exclusief-voorbeelden-768x722.jpg 768w, https:\/\/mycosmos.eu\/wp-content\/uploads\/2016\/12\/LED-sterrenhemel-verlichting-badkamer-plafond-valende-sterren-melkweg-MyCosmos-luxe-ideeen-exclusief-voorbeelden-652x613.jpg 652w, https:\/\/mycosmos.eu\/wp-content\/uploads\/2016\/12\/LED-sterrenhemel-verlichting-badkamer-plafond-valende-sterren-melkweg-MyCosmos-luxe-ideeen-exclusief-voorbeelden.jpg 817w\" sizes=\"auto, (max-width: 131px) 100vw, 131px\" \/><img loading=\"lazy\" decoding=\"async\" class=\"alignnone wp-image-1284\" src=\"http:\/\/mycosmos.eu\/wp-content\/uploads\/2017\/03\/Sterrenhemel-plafond-platen-sterrenbeeld-kreeft-stier-schorpioen-weegschaal-plafondverlichting-luxe-badkamer-toilet-ideeen-300x149.jpg\" alt=\"Sterrenhemel-plafond-platen-sterrenbeeld-kreeft-stier-schorpioen-weegschaal-plafondverlichting-luxe-badkamer-toilet-ideeen\" width=\"151\" height=\"75\" srcset=\"https:\/\/mycosmos.eu\/wp-content\/uploads\/2017\/03\/Sterrenhemel-plafond-platen-sterrenbeeld-kreeft-stier-schorpioen-weegschaal-plafondverlichting-luxe-badkamer-toilet-ideeen-300x149.jpg 300w, https:\/\/mycosmos.eu\/wp-content\/uploads\/2017\/03\/Sterrenhemel-plafond-platen-sterrenbeeld-kreeft-stier-schorpioen-weegschaal-plafondverlichting-luxe-badkamer-toilet-ideeen-768x382.jpg 768w, https:\/\/mycosmos.eu\/wp-content\/uploads\/2017\/03\/Sterrenhemel-plafond-platen-sterrenbeeld-kreeft-stier-schorpioen-weegschaal-plafondverlichting-luxe-badkamer-toilet-ideeen-1024x510.jpg 1024w, https:\/\/mycosmos.eu\/wp-content\/uploads\/2017\/03\/Sterrenhemel-plafond-platen-sterrenbeeld-kreeft-stier-schorpioen-weegschaal-plafondverlichting-luxe-badkamer-toilet-ideeen-652x324.jpg 652w, https:\/\/mycosmos.eu\/wp-content\/uploads\/2017\/03\/Sterrenhemel-plafond-platen-sterrenbeeld-kreeft-stier-schorpioen-weegschaal-plafondverlichting-luxe-badkamer-toilet-ideeen.jpg 1280w\" sizes=\"auto, (max-width: 151px) 100vw, 151px\" \/><\/a><\/p>\n<h2 style=\"font-size: 80px;\"><strong><span style=\"color: #141515;\">Ciel \u00e9toil\u00e9 Chambre<\/span><\/strong><\/h2>\n<h3><a href=\"http:\/\/mycosmos.eu\/fr\/projects_category\/e5-000-fr\/\"><em>\u00e0 partir de\u00a0<\/em>\u20ac 5.000<\/a><\/h3>\n<p><a href=\"http:\/\/mycosmos.eu\/fr\/projects_category\/e5-000-fr\/\"><img loading=\"lazy\" decoding=\"async\" class=\"alignnone wp-image-1226\" src=\"http:\/\/mycosmos.eu\/wp-content\/uploads\/2016\/12\/sterrenhemel-plafond-verlichting-luxe-badkamer-ideeen-voorbeelden-inspiratie-spa-wellness-resort-sauna-prive-zwembad-285x300.jpg\" alt=\"sterrenhemel plafond verlichting luxe badkamer ideeen voorbeelden inspiratie spa wellness resort sauna prive zwembad\" width=\"441\" height=\"464\" srcset=\"https:\/\/mycosmos.eu\/wp-content\/uploads\/2016\/12\/sterrenhemel-plafond-verlichting-luxe-badkamer-ideeen-voorbeelden-inspiratie-spa-wellness-resort-sauna-prive-zwembad-285x300.jpg 285w, https:\/\/mycosmos.eu\/wp-content\/uploads\/2016\/12\/sterrenhemel-plafond-verlichting-luxe-badkamer-ideeen-voorbeelden-inspiratie-spa-wellness-resort-sauna-prive-zwembad-652x686.jpg 652w, https:\/\/mycosmos.eu\/wp-content\/uploads\/2016\/12\/sterrenhemel-plafond-verlichting-luxe-badkamer-ideeen-voorbeelden-inspiratie-spa-wellness-resort-sauna-prive-zwembad.jpg 730w\" sizes=\"auto, (max-width: 441px) 100vw, 441px\" \/><img loading=\"lazy\" decoding=\"async\" class=\"alignnone size-medium wp-image-1903\" src=\"http:\/\/mycosmos.eu\/wp-content\/uploads\/2017\/04\/verlichting-plafond-badkamer-mooie-led-design-Sterrenhemel-voorbeeld-melkweg-mooie-verlaagd-slaapkamer-plafondverlichting-Luxe-badkamers-300x249.jpg\" alt=\"verlichting plafond badkamer mooie led design Sterrenhemel voorbeeld melkweg mooie verlaagd slaapkamer plafondverlichting Luxe badkamers\" width=\"300\" height=\"249\" srcset=\"https:\/\/mycosmos.eu\/wp-content\/uploads\/2017\/04\/verlichting-plafond-badkamer-mooie-led-design-Sterrenhemel-voorbeeld-melkweg-mooie-verlaagd-slaapkamer-plafondverlichting-Luxe-badkamers-300x249.jpg 300w, https:\/\/mycosmos.eu\/wp-content\/uploads\/2017\/04\/verlichting-plafond-badkamer-mooie-led-design-Sterrenhemel-voorbeeld-melkweg-mooie-verlaagd-slaapkamer-plafondverlichting-Luxe-badkamers-768x639.jpg 768w, https:\/\/mycosmos.eu\/wp-content\/uploads\/2017\/04\/verlichting-plafond-badkamer-mooie-led-design-Sterrenhemel-voorbeeld-melkweg-mooie-verlaagd-slaapkamer-plafondverlichting-Luxe-badkamers-1024x851.jpg 1024w, https:\/\/mycosmos.eu\/wp-content\/uploads\/2017\/04\/verlichting-plafond-badkamer-mooie-led-design-Sterrenhemel-voorbeeld-melkweg-mooie-verlaagd-slaapkamer-plafondverlichting-Luxe-badkamers-652x542.jpg 652w, https:\/\/mycosmos.eu\/wp-content\/uploads\/2017\/04\/verlichting-plafond-badkamer-mooie-led-design-Sterrenhemel-voorbeeld-melkweg-mooie-verlaagd-slaapkamer-plafondverlichting-Luxe-badkamers.jpg 1258w\" sizes=\"auto, (max-width: 300px) 100vw, 300px\" \/><img loading=\"lazy\" decoding=\"async\" class=\"alignnone wp-image-1694\" src=\"http:\/\/mycosmos.eu\/wp-content\/uploads\/2017\/04\/sterrenplafond-massage-salon-ellips-plafond-sauna-spa-wellness-resort-sterren-hemel-verlichting-maken-LED-glasvezel-star-ceiling-300x200.jpg\" alt=\"sterrenplafond massage salon ellips plafond sauna spa wellness resort sterren hemel verlichting maken LED glasvezel star ceiling\" width=\"174\" height=\"116\" srcset=\"https:\/\/mycosmos.eu\/wp-content\/uploads\/2017\/04\/sterrenplafond-massage-salon-ellips-plafond-sauna-spa-wellness-resort-sterren-hemel-verlichting-maken-LED-glasvezel-star-ceiling-300x200.jpg 300w, https:\/\/mycosmos.eu\/wp-content\/uploads\/2017\/04\/sterrenplafond-massage-salon-ellips-plafond-sauna-spa-wellness-resort-sterren-hemel-verlichting-maken-LED-glasvezel-star-ceiling-768x512.jpg 768w, https:\/\/mycosmos.eu\/wp-content\/uploads\/2017\/04\/sterrenplafond-massage-salon-ellips-plafond-sauna-spa-wellness-resort-sterren-hemel-verlichting-maken-LED-glasvezel-star-ceiling.jpg 1024w, https:\/\/mycosmos.eu\/wp-content\/uploads\/2017\/04\/sterrenplafond-massage-salon-ellips-plafond-sauna-spa-wellness-resort-sterren-hemel-verlichting-maken-LED-glasvezel-star-ceiling-652x434.jpg 652w\" sizes=\"auto, (max-width: 174px) 100vw, 174px\" \/><img loading=\"lazy\" decoding=\"async\" class=\"alignnone wp-image-2153\" src=\"http:\/\/mycosmos.eu\/wp-content\/uploads\/2017\/05\/Sterrenhemel-Verlichting-Plafond-LED-glasvezel-badkamer-Sauna-ledstrips-verlichting-plafond-luxe-mooie-design-spa-wellness-resort-3-300x172.jpg\" alt=\"Sterrenhemel Verlichting Plafond LED glasvezel badkamer Sauna ledstrips verlichting plafond luxe mooie design spa wellness resort\" width=\"131\" height=\"75\" srcset=\"https:\/\/mycosmos.eu\/wp-content\/uploads\/2017\/05\/Sterrenhemel-Verlichting-Plafond-LED-glasvezel-badkamer-Sauna-ledstrips-verlichting-plafond-luxe-mooie-design-spa-wellness-resort-3-300x172.jpg 300w, https:\/\/mycosmos.eu\/wp-content\/uploads\/2017\/05\/Sterrenhemel-Verlichting-Plafond-LED-glasvezel-badkamer-Sauna-ledstrips-verlichting-plafond-luxe-mooie-design-spa-wellness-resort-3-768x440.jpg 768w, https:\/\/mycosmos.eu\/wp-content\/uploads\/2017\/05\/Sterrenhemel-Verlichting-Plafond-LED-glasvezel-badkamer-Sauna-ledstrips-verlichting-plafond-luxe-mooie-design-spa-wellness-resort-3-1024x586.jpg 1024w, https:\/\/mycosmos.eu\/wp-content\/uploads\/2017\/05\/Sterrenhemel-Verlichting-Plafond-LED-glasvezel-badkamer-Sauna-ledstrips-verlichting-plafond-luxe-mooie-design-spa-wellness-resort-3-652x373.jpg 652w, https:\/\/mycosmos.eu\/wp-content\/uploads\/2017\/05\/Sterrenhemel-Verlichting-Plafond-LED-glasvezel-badkamer-Sauna-ledstrips-verlichting-plafond-luxe-mooie-design-spa-wellness-resort-3.jpg 1280w\" sizes=\"auto, (max-width: 131px) 100vw, 131px\" \/><\/a><\/p>\n<h2 style=\"font-size: 120px;\"><strong><span style=\"color: #141515;\">Ciel \u00e9toil\u00e9 LED<\/span><\/strong><\/h2>\n<h4><a href=\"http:\/\/mycosmos.eu\/fr\/mycosmos\/\"><span style=\"color: #ff6600;\">Les Options<\/span><\/a><\/h4>\n<h2 style=\"font-size: 120px;\"><strong><span style=\"color: #141515;\">plafond \u00e9toil\u00e9 fibre optique<\/span><\/strong><\/h2>\n<h4><a href=\"https:\/\/mycosmos.eu\/fr\/projects-archive\/chambre-plafond-etoilee\/\"><span style=\"color: #ff6600;\">Les projets<\/span><\/a><\/h4>\n<h2 style=\"font-size: 120px;\"><strong><span style=\"color: #141515;\">LED Ciel \u00e9toil\u00e9<\/span><\/strong><\/h2>\n","protected":false},"excerpt":{"rendered":"<p>Tous les plafonds sont uniques et exclusifs dans les mat\u00e9riaux utilis\u00e9s, comme les diff\u00e9rents types de bois, \u00a0Rockpannels, les panneaux acoustiques en fibre de verre, aluminium, en pierre et en plexiglas \/ acrylique. En termes de design, les couleurs et les dimensions r\u00e9pondent \u00e0 vos besoins. Livraison dans le monde entier. Contactez nous pour un &hellip;<\/p>\n","protected":false},"author":1,"featured_media":1239,"parent":0,"menu_order":0,"comment_status":"closed","ping_status":"closed","template":"","meta":{"footnotes":""},"class_list":["post-3327","page","type-page","status-publish","has-post-thumbnail","hentry","has-thumb"],"_links":{"self":[{"href":"https:\/\/mycosmos.eu\/fr\/wp-json\/wp\/v2\/pages\/3327","targetHints":{"allow":["GET"]}}],"collection":[{"href":"https:\/\/mycosmos.eu\/fr\/wp-json\/wp\/v2\/pages"}],"about":[{"href":"https:\/\/mycosmos.eu\/fr\/wp-json\/wp\/v2\/types\/page"}],"author":[{"embeddable":true,"href":"https:\/\/mycosmos.eu\/fr\/wp-json\/wp\/v2\/users\/1"}],"replies":[{"embeddable":true,"href":"https:\/\/mycosmos.eu\/fr\/wp-json\/wp\/v2\/comments?post=3327"}],"version-history":[{"count":20,"href":"https:\/\/mycosmos.eu\/fr\/wp-json\/wp\/v2\/pages\/3327\/revisions"}],"predecessor-version":[{"id":6246,"href":"https:\/\/mycosmos.eu\/fr\/wp-json\/wp\/v2\/pages\/3327\/revisions\/6246"}],"wp:featuredmedia":[{"embeddable":true,"href":"https:\/\/mycosmos.eu\/fr\/wp-json\/wp\/v2\/media\/1239"}],"wp:attachment":[{"href":"https:\/\/mycosmos.eu\/fr\/wp-json\/wp\/v2\/media?parent=3327"}],"curies":[{"name":"wp","href":"https:\/\/api.w.org\/{rel}","templated":true}]}}