{"id":3288,"date":"2017-07-09T16:31:09","date_gmt":"2017-07-09T14:31:09","guid":{"rendered":"http:\/\/mycosmos.eu\/?page_id=3288"},"modified":"2025-06-16T12:43:49","modified_gmt":"2025-06-16T10:43:49","slug":"sterrenhemel-kopen","status":"publish","type":"page","link":"https:\/\/mycosmos.eu\/fr\/sterrenhemel-kopen\/","title":{"rendered":"Plafond ciel \u00e9toil\u00e9 chambre"},"content":{"rendered":"<div class=\"cherry-projects-wrapper\"><div class=\"projects-filters with-ajax\" data-order-default=\"desc\" data-orderby-default=\"date\"><div class=\"projects-filters-list-wrapper\"><ul class=\"projects-filters-list filter-category\"><li class=\"active\"><span data-cat-id=\"\" data-slug=\"\">Show all<\/span><\/li><li><span data-cat-id=\"176\" data-slug=\"e1-000-e2-500-fr\">\u00e0 partir de \u20ac 1000<\/span><\/li><li><span data-cat-id=\"177\" data-slug=\"e2-500-e5-000-fr\">\u00e0 partir de \u20ac2.500<\/span><\/li><li><span data-cat-id=\"178\" data-slug=\"e5-000-fr\">\u00e0 partir de \u20ac5.000<\/span><\/li><li><span data-cat-id=\"108\" data-slug=\"5design-exterieur\">Design ext\u00e9rieur<\/span><\/li><li><span data-cat-id=\"105\" data-slug=\"etoiles-colorees\">Etoiles color\u00e9es<\/span><\/li><li><span data-cat-id=\"150\" data-slug=\"6musique-controlee\">Musique contr\u00f4l\u00e9e<\/span><\/li><li><span data-cat-id=\"99\" data-slug=\"1salle-de-bain\">Salle de bain<\/span><\/li><li><span data-cat-id=\"129\" data-slug=\"4suspendu\">Suspendu<\/span><\/li><li><span data-cat-id=\"161\" data-slug=\"3les-options-de-luxe\">Video<\/span><\/li><\/ul><\/div><div class=\"projects-order-filters-wrapper\"><ul class=\"order-filters\"><li data-filter-type=\"order\" data-desc-label=\"Desc\" data-asc-label=\"Asc\">Order:<span class=\"current\">Desc<\/span><\/li><li data-filter-type=\"orderby\">Order by:<span class=\"current\">Date<\/span><ul class=\"orderby-list\"><li data-orderby=\"date\" class=\"active\"><span>Date<\/span><\/li><li data-orderby=\"name\" ><span>Name<\/span><\/li><li data-orderby=\"modified\" ><span>Modified<\/span><\/li><li data-orderby=\"comment_count\" ><span>Comments<\/span><\/li><\/ul><\/li><\/ul><\/div><\/div><div class=\"projects-container cherry-animation-container masonry-layout lazy-loading-mode loading-animation-fade\" data-settings='{\"list-layout\":\"masonry-layout\",\"loading-mode\":\"lazy-loading-mode\",\"hover-animation\":\"simple-fade\",\"post-per-page\":\"10\",\"column-number\":\"1\",\"column-number-laptop\":\"3\",\"column-number-album-tablet\":\"3\",\"column-number-portrait-tablet\":\"2\",\"column-number-mobile\":\"1\",\"item-margin\":\"5\",\"fixed-height\":\"50\",\"posts-format\":\"post-format-image\",\"single-term\":\"\",\"filter-type\":\"category\",\"template\":\"masonry-default.tmpl\"}'><div class=\"projects-list cherry-animation-list column-desktop-4 column-tablet-2 column-mobile-1\" data-all-posts-count=\"33\" data-columns><\/div><\/div><div class=\"projects-end-line-spinner\"><div class=\"cherry-spinner cherry-spinner-double-bounce\"><div class=\"cherry-double-bounce1\"><\/div><div class=\"cherry-double-bounce2\"><\/div><\/div><\/div><div class=\"cherry-projects-ajax-loader\"><div class=\"cherry-spinner cherry-spinner-double-bounce\"><div class=\"cherry-double-bounce1\"><\/div><div class=\"cherry-double-bounce2\"><\/div><\/div><\/div><\/div>\n<h2 style=\"font-size: 80px;\"><span style=\"color: #141515;\"><strong>Plafond ciel \u00e9toil\u00e9 chambre<\/strong><\/span><\/h2>\n\n\n<h2 class=\"wp-block-heading\">Plafond etoile Chambre<\/h2>\n\n\n\n<p>Un plafond etoile chambre avec 150 \u00e9toiles par mettre carre, des centaines d&#8217;\u00e9toiles diff\u00e9rentes, donc pas tous pareil comme vous pouvez acheter ailleurs. Un chambre avec des vrais \u00e9toiles au plafond en constellation a vos choix et les e1toiles filantes en option. L&#8217;option le plus luxueuse au monde c&#8217;est la voie lact\u00e9e un vrais galaxie de 1000 \u00e9toiles par mettre.<\/p>\n\n\n\n<h1 class=\"wp-block-heading\">Plafond etoile LED<\/h1>\n\n\n\n<h2 class=\"wp-block-heading\">Plafond etoile Salon<\/h2>\n\n\n\n<p><\/p>\n","protected":false},"excerpt":{"rendered":"<p>Plafond ciel \u00e9toil\u00e9 chambre Plafond etoile Chambre Un plafond etoile chambre avec 150 \u00e9toiles par mettre carre, des centaines d&#8217;\u00e9toiles diff\u00e9rentes, donc pas tous pareil comme vous pouvez acheter ailleurs. Un chambre avec des vrais \u00e9toiles au plafond en constellation a vos choix et les e1toiles filantes en option. L&#8217;option le plus luxueuse au monde &hellip;<\/p>\n","protected":false},"author":1,"featured_media":0,"parent":0,"menu_order":0,"comment_status":"closed","ping_status":"closed","template":"","meta":{"footnotes":""},"class_list":["post-3288","page","type-page","status-publish","hentry","no-thumb"],"_links":{"self":[{"href":"https:\/\/mycosmos.eu\/fr\/wp-json\/wp\/v2\/pages\/3288","targetHints":{"allow":["GET"]}}],"collection":[{"href":"https:\/\/mycosmos.eu\/fr\/wp-json\/wp\/v2\/pages"}],"about":[{"href":"https:\/\/mycosmos.eu\/fr\/wp-json\/wp\/v2\/types\/page"}],"author":[{"embeddable":true,"href":"https:\/\/mycosmos.eu\/fr\/wp-json\/wp\/v2\/users\/1"}],"replies":[{"embeddable":true,"href":"https:\/\/mycosmos.eu\/fr\/wp-json\/wp\/v2\/comments?post=3288"}],"version-history":[{"count":9,"href":"https:\/\/mycosmos.eu\/fr\/wp-json\/wp\/v2\/pages\/3288\/revisions"}],"predecessor-version":[{"id":6245,"href":"https:\/\/mycosmos.eu\/fr\/wp-json\/wp\/v2\/pages\/3288\/revisions\/6245"}],"wp:attachment":[{"href":"https:\/\/mycosmos.eu\/fr\/wp-json\/wp\/v2\/media?parent=3288"}],"curies":[{"name":"wp","href":"https:\/\/api.w.org\/{rel}","templated":true}]}}