{"id":2913,"date":"2017-06-05T19:44:30","date_gmt":"2017-06-05T17:44:30","guid":{"rendered":"http:\/\/mycosmos.eu\/?page_id=2913"},"modified":"2018-11-03T10:19:51","modified_gmt":"2018-11-03T09:19:51","slug":"ciel-etoile-plafond","status":"publish","type":"page","link":"https:\/\/mycosmos.eu\/fr\/ciel-etoile-plafond\/","title":{"rendered":"ciel \u00e9toil\u00e9 plafond"},"content":{"rendered":"<h2 style=\"font-size: 60px;\"><span style=\"color: #333333;\">Ciel \u00e9toil\u00e9 plafond<\/span><\/h2>\n<p>Le ciel \u00e9toil\u00e9 plafond est un creation r\u00e9aliste du ciel, dans votre chambre. Cr\u00e9e avec des LED et fibre optique des tailles diff\u00e9rentes.\u00a0<span lang=\"fr\">Nous faisons chaque plafond \u00e9toil\u00e9 le plus r\u00e9aliste\u00a0avec un\u00a0syst\u00e8me unique au monde d\u00e9velopper par MyCosmos avec la plus grande vari\u00e9t\u00e9 d&#8217;\u00e9paisseurs de fibre optique. Tous\u00a0les\u00a0Fibres Optiques sont reli\u00e9es \u00e0 plusieurs sources de lumi\u00e8re LED tr\u00e8s compact, \u00e9tanche, ne produit aucun son ou de la chaleur. Les sources lumineuses compactes sont connect\u00e9es \u00e0 une technologie intelligente, sans entretien et une dur\u00e9e de vie facile de 20 ans.<\/span><\/p>\n<p><img loading=\"lazy\" decoding=\"async\" class=\"alignnone wp-image-1961\" src=\"http:\/\/mycosmos.eu\/wp-content\/uploads\/2017\/04\/etoile-lumineuse-led-plafond-suspendu-fibre-optique-lampe-ciel-\u00e9toil\u00e9-projecteur-staff-deco-veilleuse-applique-dalle-300x249.jpg\" alt=\"etoile lumineuse led plafond suspendu fibre optique lampe ciel \u00e9toil\u00e9 projecteur staff deco veilleuse applique dalle\" width=\"798\" height=\"663\" srcset=\"https:\/\/mycosmos.eu\/wp-content\/uploads\/2017\/04\/etoile-lumineuse-led-plafond-suspendu-fibre-optique-lampe-ciel-\u00e9toil\u00e9-projecteur-staff-deco-veilleuse-applique-dalle-300x249.jpg 300w, https:\/\/mycosmos.eu\/wp-content\/uploads\/2017\/04\/etoile-lumineuse-led-plafond-suspendu-fibre-optique-lampe-ciel-\u00e9toil\u00e9-projecteur-staff-deco-veilleuse-applique-dalle-768x639.jpg 768w, https:\/\/mycosmos.eu\/wp-content\/uploads\/2017\/04\/etoile-lumineuse-led-plafond-suspendu-fibre-optique-lampe-ciel-\u00e9toil\u00e9-projecteur-staff-deco-veilleuse-applique-dalle-1024x851.jpg 1024w, https:\/\/mycosmos.eu\/wp-content\/uploads\/2017\/04\/etoile-lumineuse-led-plafond-suspendu-fibre-optique-lampe-ciel-\u00e9toil\u00e9-projecteur-staff-deco-veilleuse-applique-dalle-652x542.jpg 652w, https:\/\/mycosmos.eu\/wp-content\/uploads\/2017\/04\/etoile-lumineuse-led-plafond-suspendu-fibre-optique-lampe-ciel-\u00e9toil\u00e9-projecteur-staff-deco-veilleuse-applique-dalle.jpg 1258w\" sizes=\"auto, (max-width: 798px) 100vw, 798px\" \/><\/p>\n<h4><a href=\"http:\/\/mycosmos.eu\/projects-archive\/?lang=fr\">Voir tous les project<\/a><\/h4>\n<h2 style=\"font-size: 100px;\"><span style=\"color: #141515;\">Plafond Ciel etoil\u00e9<\/span><\/h2>\n<p><span style=\"color: #141515;\">Plafond Ciel etoil\u00e9 pour tous les gouts et tous les dimensions avec des r\u00e9pliques le plus r\u00e9aliste au monde. Recr\u00e9er un vrais Galaxy sur votre faux plafond dans n&#8217;importe quel mati\u00e8re que vous souhaitez. Le nombre d&#8217;\u00e9toile different donne le r\u00e9sultat le plus r\u00e9aliste, que vous n&#8217;obtiendriez nulle pas ailleurs. La raison c&#8217;est car MyCosmos n&#8217;utilise pas les kit pour faire un plafond \u00e9toil\u00e9 sois m\u00eame, mais seulement des combinaisons d&#8217;un grand nombre de LED et fibres optique.<\/span><\/p>\n<h2 style=\"font-size: 100px;\"><span style=\"color: #141515;\">fibre optique LED<\/span><\/h2>\n<h2 style=\"font-size: 100px;\"><span style=\"color: #141515;\">ciel \u00e9toil\u00e9 plafond<\/span><\/h2>\n","protected":false},"excerpt":{"rendered":"<p>Ciel \u00e9toil\u00e9 plafond Le ciel \u00e9toil\u00e9 plafond est un creation r\u00e9aliste du ciel, dans votre chambre. Cr\u00e9e avec des LED et fibre optique des tailles diff\u00e9rentes.\u00a0Nous faisons chaque plafond \u00e9toil\u00e9 le plus r\u00e9aliste\u00a0avec un\u00a0syst\u00e8me unique au monde d\u00e9velopper par MyCosmos avec la plus grande vari\u00e9t\u00e9 d&#8217;\u00e9paisseurs de fibre optique. Tous\u00a0les\u00a0Fibres Optiques sont reli\u00e9es \u00e0 plusieurs &hellip;<\/p>\n","protected":false},"author":1,"featured_media":1961,"parent":0,"menu_order":0,"comment_status":"closed","ping_status":"closed","template":"","meta":{"footnotes":""},"class_list":["post-2913","page","type-page","status-publish","has-post-thumbnail","hentry","has-thumb"],"_links":{"self":[{"href":"https:\/\/mycosmos.eu\/fr\/wp-json\/wp\/v2\/pages\/2913","targetHints":{"allow":["GET"]}}],"collection":[{"href":"https:\/\/mycosmos.eu\/fr\/wp-json\/wp\/v2\/pages"}],"about":[{"href":"https:\/\/mycosmos.eu\/fr\/wp-json\/wp\/v2\/types\/page"}],"author":[{"embeddable":true,"href":"https:\/\/mycosmos.eu\/fr\/wp-json\/wp\/v2\/users\/1"}],"replies":[{"embeddable":true,"href":"https:\/\/mycosmos.eu\/fr\/wp-json\/wp\/v2\/comments?post=2913"}],"version-history":[{"count":12,"href":"https:\/\/mycosmos.eu\/fr\/wp-json\/wp\/v2\/pages\/2913\/revisions"}],"predecessor-version":[{"id":5181,"href":"https:\/\/mycosmos.eu\/fr\/wp-json\/wp\/v2\/pages\/2913\/revisions\/5181"}],"wp:featuredmedia":[{"embeddable":true,"href":"https:\/\/mycosmos.eu\/fr\/wp-json\/wp\/v2\/media\/1961"}],"wp:attachment":[{"href":"https:\/\/mycosmos.eu\/fr\/wp-json\/wp\/v2\/media?parent=2913"}],"curies":[{"name":"wp","href":"https:\/\/api.w.org\/{rel}","templated":true}]}}