{"id":719,"date":"2016-08-17T15:57:43","date_gmt":"2016-08-17T15:57:43","guid":{"rendered":"http:\/\/mycosmos.eu\/home\/"},"modified":"2017-10-02T15:49:44","modified_gmt":"2017-10-02T13:49:44","slug":"sternenhimmel-decke","status":"publish","type":"page","link":"https:\/\/mycosmos.eu\/de\/sternenhimmel-decke\/","title":{"rendered":"Sternenhimmel Decke"},"content":{"rendered":"<h3 id=\"tw-target-text\" class=\"tw-data-text tw-ta tw-text-small\" dir=\"ltr\" data-placeholder=\"Vertaling\"><span lang=\"de\">Unsere exklusiven und luxuri\u00f6sen Sternenhimmel Decke.<\/span><\/h3>\n<div class=\"cherry-projects-terms-wrapper\"><div class=\"projects-terms-container cherry-animation-container masonry-layout loading-animation-fade\" data-settings='{\"list-layout\":\"masonry-layout\",\"post-per-page\":\"6\",\"column-number\":\"3\",\"column-number-laptop\":3,\"column-number-album-tablet\":2,\"column-number-portrait-tablet\":2,\"column-number-mobile\":1,\"item-margin\":\"0\"}'><div class=\"projects-terms-list cherry-animation-list column-desktop-3 column-laptop-3 column-album-tablet-2 column-portrait-tablet-2 column-mobile-1\" data-columns><div id=\"projects-term-0\" class=\"projects-terms-item projects-item-instance cherry-animation-item simple-fade-hover animate-cycle-show item-1 odd\"><div class=\"inner-wrapper\"><div class=\"project-terms-media border-animation\">\n\t<figure class=\"featured-image\"><a href=\"https:\/\/mycosmos.eu\/wp-content\/uploads\/2017\/05\/led-Sternenhimmel-Decke-kaufen-Badezimmer-fazern-optisch-Milchstra\u00dfe-fur-mit-licht-lampe-Galaxis-sternschnuppe-sauna-luxus-652x686.jpg\" class=\"term-img\"><span class=\"cover\"><\/span><img loading=\"lazy\" decoding=\"async\" src=\"https:\/\/mycosmos.eu\/wp-content\/uploads\/2017\/05\/led-Sternenhimmel-Decke-kaufen-Badezimmer-fazern-optisch-Milchstra\u00dfe-fur-mit-licht-lampe-Galaxis-sternschnuppe-sauna-luxus-652x686.jpg\" alt=\"Luxus-Badezimmer\" width=\"652\" height=\"686\"><\/a><\/figure>\n\t<div class=\"hover-content row-format\">\n\t\t<a class=\"term-permalink simple-icon\" href=\"https:\/\/mycosmos.eu\/de\/projects_category\/0luxus-badezimmer\/\"><span class=\"dashicons\"><\/span><\/a>\n\t<\/div>\n<\/div>\n<div class=\"project-terms-content\">\n\t<h5><a href=\"https:\/\/mycosmos.eu\/de\/projects_category\/0luxus-badezimmer\/\">Luxus-Badezimmer<\/a><\/h5>\n\t\n<\/div><\/div><\/div><div id=\"projects-term-1\" class=\"projects-terms-item projects-item-instance cherry-animation-item simple-fade-hover animate-cycle-show item-2 even\"><div class=\"inner-wrapper\"><div class=\"project-terms-media border-animation\">\n\t<figure class=\"featured-image\"><a href=\"https:\/\/mycosmos.eu\/wp-content\/uploads\/2017\/05\/Sternenhimmel-led-kaufen-fazern-abgeh\u00e4ngte-Decke-optisch-luxus-fur-mit-licht-lampe-sternschnuppe-mycosmos-611x825.png\" class=\"term-img\"><span class=\"cover\"><\/span><img loading=\"lazy\" decoding=\"async\" src=\"https:\/\/mycosmos.eu\/wp-content\/uploads\/2017\/05\/Sternenhimmel-led-kaufen-fazern-abgeh\u00e4ngte-Decke-optisch-luxus-fur-mit-licht-lampe-sternschnuppe-mycosmos-611x825.png\" alt=\"abgeh\u00e4ngte Decke\" width=\"611\" height=\"825\"><\/a><\/figure>\n\t<div class=\"hover-content row-format\">\n\t\t<a class=\"term-permalink simple-icon\" href=\"https:\/\/mycosmos.eu\/de\/projects_category\/3abgehaengte-decke\/\"><span class=\"dashicons\"><\/span><\/a>\n\t<\/div>\n<\/div>\n<div class=\"project-terms-content\">\n\t<h5><a href=\"https:\/\/mycosmos.eu\/de\/projects_category\/3abgehaengte-decke\/\">abgeh\u00e4ngte Decke<\/a><\/h5>\n\t\n<\/div><\/div><\/div><div id=\"projects-term-2\" class=\"projects-terms-item projects-item-instance cherry-animation-item simple-fade-hover animate-cycle-show item-3 odd\"><div class=\"inner-wrapper\"><div class=\"project-terms-media border-animation\">\n\t<figure class=\"featured-image\"><a href=\"https:\/\/mycosmos.eu\/wp-content\/uploads\/2017\/05\/led-Sternenhimmel-Decke-sternschnuppe-kaufen-musik-fazern-optisch-Milchstra\u00dfe-fur-mit-licht-lampe-Galaxis-funkeln-luxus-MyCosmos-550x825.jpg\" class=\"term-img\"><span class=\"cover\"><\/span><img loading=\"lazy\" decoding=\"async\" src=\"https:\/\/mycosmos.eu\/wp-content\/uploads\/2017\/05\/led-Sternenhimmel-Decke-sternschnuppe-kaufen-musik-fazern-optisch-Milchstra\u00dfe-fur-mit-licht-lampe-Galaxis-funkeln-luxus-MyCosmos-550x825.jpg\" alt=\"Musik angetrieben\" width=\"550\" height=\"825\"><\/a><\/figure>\n\t<div class=\"hover-content row-format\">\n\t\t<a class=\"term-permalink simple-icon\" href=\"https:\/\/mycosmos.eu\/de\/projects_category\/4musik-angetrieben\/\"><span class=\"dashicons\"><\/span><\/a>\n\t<\/div>\n<\/div>\n<div class=\"project-terms-content\">\n\t<h5><a href=\"https:\/\/mycosmos.eu\/de\/projects_category\/4musik-angetrieben\/\">Musik angetrieben<\/a><\/h5>\n\t\n<\/div><\/div><\/div><div id=\"projects-term-3\" class=\"projects-terms-item projects-item-instance cherry-animation-item simple-fade-hover animate-cycle-show item-4 even\"><div class=\"inner-wrapper\"><div class=\"project-terms-media border-animation\">\n\t<figure class=\"featured-image\"><a href=\"https:\/\/mycosmos.eu\/wp-content\/uploads\/2017\/05\/led-Sternenhimmel-Decke-sternschnuppe-kaufen-Badezimmer-fazern-optisch-Milchstra\u00dfe-fur-mit-licht-lampe-Galaxis-sauna-luxus.jpg\" class=\"term-img\"><span class=\"cover\"><\/span><img loading=\"lazy\" decoding=\"async\" src=\"https:\/\/mycosmos.eu\/wp-content\/uploads\/2017\/05\/led-Sternenhimmel-Decke-sternschnuppe-kaufen-Badezimmer-fazern-optisch-Milchstra\u00dfe-fur-mit-licht-lampe-Galaxis-sauna-luxus.jpg\" alt=\"Luxus-Optionen\" width=\"564\" height=\"768\"><\/a><\/figure>\n\t<div class=\"hover-content row-format\">\n\t\t<a class=\"term-permalink simple-icon\" href=\"https:\/\/mycosmos.eu\/de\/projects_category\/5luxus-optionen\/\"><span class=\"dashicons\"><\/span><\/a>\n\t<\/div>\n<\/div>\n<div class=\"project-terms-content\">\n\t<h5><a href=\"https:\/\/mycosmos.eu\/de\/projects_category\/5luxus-optionen\/\">Luxus-Optionen<\/a><\/h5>\n\t\n<\/div><\/div><\/div><div id=\"projects-term-4\" class=\"projects-terms-item projects-item-instance cherry-animation-item simple-fade-hover animate-cycle-show item-5 odd\"><div class=\"inner-wrapper\"><div class=\"project-terms-media border-animation\">\n\t<figure class=\"featured-image\"><a href=\"https:\/\/mycosmos.eu\/wp-content\/uploads\/2016\/11\/led-Sternenhimmel-Decke-kaufen-exterior-fazern-optisch-Milchstra\u00dfe-fur-mit-licht-lampe-Galaxis-sternschnuppe-sauna-luxus.png\" class=\"term-img\"><span class=\"cover\"><\/span><img loading=\"lazy\" decoding=\"async\" src=\"https:\/\/mycosmos.eu\/wp-content\/uploads\/2016\/11\/led-Sternenhimmel-Decke-kaufen-exterior-fazern-optisch-Milchstra\u00dfe-fur-mit-licht-lampe-Galaxis-sternschnuppe-sauna-luxus.png\" alt=\"Im Feien\" width=\"640\" height=\"421\"><\/a><\/figure>\n\t<div class=\"hover-content row-format\">\n\t\t<a class=\"term-permalink simple-icon\" href=\"https:\/\/mycosmos.eu\/de\/projects_category\/6im-feien\/\"><span class=\"dashicons\"><\/span><\/a>\n\t<\/div>\n<\/div>\n<div class=\"project-terms-content\">\n\t<h5><a href=\"https:\/\/mycosmos.eu\/de\/projects_category\/6im-feien\/\">Im Feien<\/a><\/h5>\n\t\n<\/div><\/div><\/div><div id=\"projects-term-5\" class=\"projects-terms-item projects-item-instance cherry-animation-item simple-fade-hover animate-cycle-show item-6 even\"><div class=\"inner-wrapper\"><div class=\"project-terms-media border-animation\">\n\t<figure class=\"featured-image\"><a href=\"https:\/\/mycosmos.eu\/wp-content\/uploads\/2017\/05\/Sternenhimmel-led-abgeh\u00e4ngte-Decke-kaufen-fazern-optisch-luxus-fur-mit-licht-lampe-sternschnuppe-mycosmos-652x326.jpg\" class=\"term-img\"><span class=\"cover\"><\/span><img loading=\"lazy\" decoding=\"async\" src=\"https:\/\/mycosmos.eu\/wp-content\/uploads\/2017\/05\/Sternenhimmel-led-abgeh\u00e4ngte-Decke-kaufen-fazern-optisch-luxus-fur-mit-licht-lampe-sternschnuppe-mycosmos-652x326.jpg\" alt=\"Von \u20ac 1000\" width=\"652\" height=\"326\"><\/a><\/figure>\n\t<div class=\"hover-content row-format\">\n\t\t<a class=\"term-permalink simple-icon\" href=\"https:\/\/mycosmos.eu\/de\/projects_category\/e1-000-e2-500-de\/\"><span class=\"dashicons\"><\/span><\/a>\n\t<\/div>\n<\/div>\n<div class=\"project-terms-content\">\n\t<h5><a href=\"https:\/\/mycosmos.eu\/de\/projects_category\/e1-000-e2-500-de\/\">Von \u20ac 1000<\/a><\/h5>\n\t\n<\/div><\/div><\/div><\/div><\/div><div class=\"cherry-projects-ajax-loader\"><div class=\"cherry-spinner cherry-spinner-double-bounce\"><div class=\"cherry-double-bounce1\"><\/div><div class=\"cherry-double-bounce2\"><\/div><\/div><\/div><\/div>\n<h2 id=\"tw-target-text\" class=\"tw-data-text tw-ta tw-text-medium\" dir=\"ltr\" data-placeholder=\"Translation\"><span lang=\"de\" style=\"color: #141515;\">Luxus Badezimmer<\/span><\/h2>\n<h3><a href=\"http:\/\/mycosmos.eu\/de\/sternenhimmelshop\/\"><span style=\"color: #ff6600;\">Preise<\/span><\/a><\/h3>\n<p id=\"tw-target-text\" class=\"tw-data-text tw-ta tw-text-small\" dir=\"ltr\" data-placeholder=\"Translation\"><span style=\"color: #141515;\"><span lang=\"de\">Diese sehr exklusive und luxuri\u00f6se Badezimmer Sternenhimmel Design sind 2000 Sterne gemacht<\/span><span lang=\"de\">. <\/span>Einige der Sterne unterschiedlicher Intensit\u00e4t (Funkeln). Das Glitzern ist einstellbar, um die Intensit\u00e4t und die Geschwindigkeit, mit diese Funkeln.\u00a0Hier sind die farbigen Sterne separat geschaltet, so dass sie einzeln gedimmt werden k\u00f6nnen oder ausgeschaltet.\u00a0Auch k\u00f6nnen die Farbe Sterne in ein ruhiges Programm unterziehen, sie nach und nach Farbe \u00e4ndern und Geschwindigkeit der Farb\u00e4nderung \u00a0kann eingestellt werden.\u00a0<span lang=\"de\">Mit naturgetreuer Milchstra\u00dfe und\u00a0mehr als 50 verschiedenen Sternen in der Gr\u00f6\u00dfe, Klarheit und Farbe (5 T\u00f6nen und Wei\u00df oder RGB).\u00a0<\/span><span lang=\"de\">5 Sternschnuppen alle 60\u00a0bis 90 Sekunden, die Realit\u00e4t ist beispiellos.<\/span><\/span><\/p>\n<p class=\"tw-data-text tw-ta tw-text-small\" dir=\"ltr\" data-placeholder=\"Translation\"><span style=\"color: #141515;\"><span lang=\"de\">Mit einer Kantenfinish und einem Rahmen, an dem die Sterndecke einfach geschoben wird, ist die Installation einfacher als die Aufh\u00e4ngung einer Lampe.\u00a0<\/span><span lang=\"de\">Das einzigartige System Backup aller wichtigen Komponenten doppelt vorhanden sind, so dass die Sterndecke 20 Jahre ohne Probleme arbeiten k\u00f6nnen<\/span><\/span><\/p>\n<h1 style=\"font-size: 140px;\"><span style=\"color: #141515;\"><b>LED\u00a0sternenhimmel LED<\/b><\/span><\/h1>\n<h2 style=\"font-size: 140px;\"><span style=\"color: #141515;\"><b>Decke Sterne<\/b><\/span><\/h2>\n<h2 style=\"font-size: 140px;\"><span style=\"color: #141515;\"><b>Sternenhimmel schlafzimmer\u00a0<\/b><b>im\u00a0<\/b><b>f\u00fcrs<\/b><\/span><\/h2>\n<h2 style=\"font-size: 140px;\"><span style=\"color: #141515;\"><b>Sternenhimmelshop<\/b><\/span><\/h2>\n<h2 style=\"font-size: 140px;\"><span style=\"color: #141515;\"><b>Glasfaser Sternenhimmel<\/b><b>\u00a0Glasfaser<\/b><\/span><\/h2>\n<h2 style=\"font-size: 140px;\"><span style=\"color: #141515;\"><b>Sternenhimmel LED\u00a0Fertig<\/b><\/span><\/h2>\n<h2 style=\"font-size: 140px;\"><span style=\"color: #141515;\"><b>LED\u00a0Sternenhimmel Bad<\/b><\/span><\/h2>\n<h2 style=\"font-size: 140px;\"><span style=\"color: #141515;\"><b>Decke mit sternen<\/b><\/span><\/h2>\n<h2 style=\"font-size: 140px;\"><span style=\"color: #141515;\"><b>Beleuchtung\u00a0S<\/b><b>ternenhimmel Beleuchtung<\/b><\/span><\/h2>\n<h2 style=\"font-size: 140px;\"><span style=\"color: #141515;\"><b>Sternenhimmel Zimmerdecke<\/b><\/span><\/h2>\n<h2 style=\"font-size: 140px;\"><span style=\"color: #141515;\"><b>LED\u00a0deckenleuchte sternenhimmel<\/b><\/span><\/h2>\n<h2 style=\"font-size: 140px;\"><span style=\"color: #141515;\"><b>Sternenhimmel Badezimmer<\/b><\/span><\/h2>\n<h2 style=\"font-size: 140px;\"><span style=\"color: #141515;\"><b>Sternenhimmel Bad<\/b><\/span><\/h2>\n","protected":false},"excerpt":{"rendered":"<p>Unsere exklusiven und luxuri\u00f6sen Sternenhimmel Decke. Luxus Badezimmer Preise Diese sehr exklusive und luxuri\u00f6se Badezimmer Sternenhimmel Design sind 2000 Sterne gemacht. Einige der Sterne unterschiedlicher Intensit\u00e4t (Funkeln). Das Glitzern ist einstellbar, um die Intensit\u00e4t und die Geschwindigkeit, mit diese Funkeln.\u00a0Hier sind die farbigen Sterne separat geschaltet, so dass sie einzeln gedimmt werden k\u00f6nnen oder ausgeschaltet.\u00a0Auch &hellip;<\/p>\n","protected":false},"author":1,"featured_media":0,"parent":0,"menu_order":0,"comment_status":"closed","ping_status":"closed","template":"","meta":{"footnotes":""},"class_list":["post-719","page","type-page","status-publish","hentry","no-thumb"],"_links":{"self":[{"href":"https:\/\/mycosmos.eu\/de\/wp-json\/wp\/v2\/pages\/719","targetHints":{"allow":["GET"]}}],"collection":[{"href":"https:\/\/mycosmos.eu\/de\/wp-json\/wp\/v2\/pages"}],"about":[{"href":"https:\/\/mycosmos.eu\/de\/wp-json\/wp\/v2\/types\/page"}],"author":[{"embeddable":true,"href":"https:\/\/mycosmos.eu\/de\/wp-json\/wp\/v2\/users\/1"}],"replies":[{"embeddable":true,"href":"https:\/\/mycosmos.eu\/de\/wp-json\/wp\/v2\/comments?post=719"}],"version-history":[{"count":18,"href":"https:\/\/mycosmos.eu\/de\/wp-json\/wp\/v2\/pages\/719\/revisions"}],"predecessor-version":[{"id":3748,"href":"https:\/\/mycosmos.eu\/de\/wp-json\/wp\/v2\/pages\/719\/revisions\/3748"}],"wp:attachment":[{"href":"https:\/\/mycosmos.eu\/de\/wp-json\/wp\/v2\/media?parent=719"}],"curies":[{"name":"wp","href":"https:\/\/api.w.org\/{rel}","templated":true}]}}