{"id":3887,"date":"2017-10-03T09:26:04","date_gmt":"2017-10-03T07:26:04","guid":{"rendered":"http:\/\/mycosmos.eu\/?page_id=3887\/"},"modified":"2017-11-30T13:41:51","modified_gmt":"2017-11-30T12:41:51","slug":"mycosmos","status":"publish","type":"page","link":"https:\/\/mycosmos.eu\/de\/mycosmos\/","title":{"rendered":"MyCosmos"},"content":{"rendered":"<p><span style=\"text-decoration: underline;\"><strong><span style=\"font-size: 25px;\">Spezifikationen<\/span><\/strong><\/span><\/p>\n<p style=\"padding-left: 30px;\"><span style=\"font-size: 20px;\">Leistung 1 bis 3 Watt pro Quadratmeter<br \/>\nSteuerung durch HF-Fernbedienung<br \/>\nSteuerung durch tabled \/ smartphone mit Free App und Timer<br \/>\nDie durchschnittliche Decke wird um 5 cm gesenkt<br \/>\nMinimaler Platz hinter der Decke 5 cm (0 bis 2 cm m\u00f6glich)<br \/>\nVon 100 Sternen pro Kubikmeter bis zu 500 Sternen Milchstra\u00dfe<\/span><\/p>\n<p>&nbsp;<\/p>\n<p><span style=\"text-decoration: underline;\"><strong><span style=\"font-size: 25px;\">Materialien<\/span><\/strong><\/span><\/p>\n<p>&nbsp;<\/p>\n<p><strong><span style=\"font-size: 25px;\">Pappel<\/span><\/strong><\/p>\n<p>Holz speziell f\u00fcr Decken gefertigt, weil es halb leichter als MDF ist.<br \/>\nJe nach Sternendecke wird es in unterschiedlicher Dicke und Gr\u00f6\u00dfe angewendet.<\/p>\n<p><img loading=\"lazy\" decoding=\"async\" class=\"wp-image-3025 alignleft\" src=\"http:\/\/mycosmos.eu\/wp-content\/uploads\/2017\/06\/Sternenhimmel-Decke-led-schlafzimmer-beleuchtung-glasfaser-mycosmos-kaufen-fur-mit-licht-lampe-sternschnuppe-sauna-luxus-300x201.jpg\" alt=\"Sternenhimmel Decke led schlafzimmer beleuchtung glasfaser mycosmos kaufen fur mit licht lampe sternschnuppe sauna luxus\" width=\"481\" height=\"322\" srcset=\"https:\/\/mycosmos.eu\/wp-content\/uploads\/2017\/06\/Sternenhimmel-Decke-led-schlafzimmer-beleuchtung-glasfaser-mycosmos-kaufen-fur-mit-licht-lampe-sternschnuppe-sauna-luxus-300x201.jpg 300w, https:\/\/mycosmos.eu\/wp-content\/uploads\/2017\/06\/Sternenhimmel-Decke-led-schlafzimmer-beleuchtung-glasfaser-mycosmos-kaufen-fur-mit-licht-lampe-sternschnuppe-sauna-luxus-768x514.jpg 768w, https:\/\/mycosmos.eu\/wp-content\/uploads\/2017\/06\/Sternenhimmel-Decke-led-schlafzimmer-beleuchtung-glasfaser-mycosmos-kaufen-fur-mit-licht-lampe-sternschnuppe-sauna-luxus-1024x685.jpg 1024w, https:\/\/mycosmos.eu\/wp-content\/uploads\/2017\/06\/Sternenhimmel-Decke-led-schlafzimmer-beleuchtung-glasfaser-mycosmos-kaufen-fur-mit-licht-lampe-sternschnuppe-sauna-luxus-652x436.jpg 652w, https:\/\/mycosmos.eu\/wp-content\/uploads\/2017\/06\/Sternenhimmel-Decke-led-schlafzimmer-beleuchtung-glasfaser-mycosmos-kaufen-fur-mit-licht-lampe-sternschnuppe-sauna-luxus.jpg 1084w\" sizes=\"auto, (max-width: 481px) 100vw, 481px\" \/><\/p>\n<p>&nbsp;<\/p>\n<p>&nbsp;<\/p>\n<p>&nbsp;<\/p>\n<p>&nbsp;<\/p>\n<p>&nbsp;<\/p>\n<p>&nbsp;<\/p>\n<p>&nbsp;<\/p>\n<p>&nbsp;<\/p>\n<p>&nbsp;<\/p>\n<p><strong><span style=\"font-size: 25px;\">Okoume<\/span><\/strong><\/p>\n<p>Holz, das f\u00fcr feuchte Bereiche geeignet ist und im Freien genutzt werden kann.<br \/>\nJe nach Sternendecke wird es in unterschiedlicher Dicke und Gr\u00f6\u00dfe angewendet.<br \/>\n<img loading=\"lazy\" decoding=\"async\" class=\"alignnone wp-image-2338\" src=\"http:\/\/mycosmos.eu\/wp-content\/uploads\/2017\/05\/led-Sternenhimmel-Decke-kaufen-Badezimmer-fazern-optisch-Milchstra\u00dfe-fur-mit-licht-lampe-Galaxis-sternschnuppe-sauna-luxus-285x300.jpg\" alt=\"led Sternenhimmel Decke kaufen Badezimmer fazern optisch Milchstra\u00dfe fur mit licht lampe Galaxis sternschnuppe sauna luxus\" width=\"482\" height=\"507\" srcset=\"https:\/\/mycosmos.eu\/wp-content\/uploads\/2017\/05\/led-Sternenhimmel-Decke-kaufen-Badezimmer-fazern-optisch-Milchstra\u00dfe-fur-mit-licht-lampe-Galaxis-sternschnuppe-sauna-luxus-285x300.jpg 285w, https:\/\/mycosmos.eu\/wp-content\/uploads\/2017\/05\/led-Sternenhimmel-Decke-kaufen-Badezimmer-fazern-optisch-Milchstra\u00dfe-fur-mit-licht-lampe-Galaxis-sternschnuppe-sauna-luxus-652x686.jpg 652w, https:\/\/mycosmos.eu\/wp-content\/uploads\/2017\/05\/led-Sternenhimmel-Decke-kaufen-Badezimmer-fazern-optisch-Milchstra\u00dfe-fur-mit-licht-lampe-Galaxis-sternschnuppe-sauna-luxus.jpg 730w\" sizes=\"auto, (max-width: 482px) 100vw, 482px\" \/><\/p>\n<p><strong><span style=\"font-size: 25px;\">MDF<\/span><\/strong><\/p>\n<p>Je nach Sternendecke wird es in unterschiedlicher Dicke und Gr\u00f6\u00dfe angewendet.<\/p>\n<p>&nbsp;<\/p>\n<p><strong><span style=\"font-size: 25px;\">Gipskarton, Trockenbau<\/span><\/strong><br \/>\nWir haben eine einzigartige Methode entwickelt, um eine nahtlose Decke mit der meisten Menge pro Sterne pro Quadratmeter in der Welt zu schaffen.\u00a0<span lang=\"de\">Die zerbrechlichen Glasfasern, LED-Beleuchtung und Montagerahmen sind in besonderer Weise sehr fixiert, dass die Sterne sogar leuchten, wo sie gegen die Deckenfixierung zerquetscht werden.\u00a0<\/span>Infolgedessen gibt es keine Unterbrechungen in den Sternkonstellationen und du bekommst keinen Panel-Effekt.<\/p>\n<p>&nbsp;<\/p>\n<p><strong><span style=\"font-size: 25px;\">Aluminium<\/span><\/strong><br \/>\n&gt;Ein Paneel aus pulverbeschichtetem Aluminium f\u00fcr ein sehr luxuri\u00f6ses Finish und Aussehen.<\/p>\n<p>&nbsp;<\/p>\n<p><strong><span style=\"font-size: 25px;\">Stein, Fliesen, Mosaik<\/span><\/strong><br \/>\nF\u00fcr den Boden des Schwimmbads und einen wundersch\u00f6nen Boden, der in der Nacht funkelt, haben wir eine spezielle Methode, um eine magische Sternbeleuchtung an einem fast unm\u00f6glichen\u00a0Platz zu erreichen.<\/p>\n<p>&nbsp;<\/p>\n<p><strong><span style=\"font-size: 25px;\">Aufh\u00e4ngungssystem<\/span><\/strong><br \/>\nSteinwolle Platten in fast jeder Gr\u00f6\u00dfe mit verstecktem Profil, Messungen in akustischen Operationen Unternehmen und einfachen Zugang hinter der Decke gew\u00e4hlt.<\/p>\n<p>&nbsp;<\/p>\n<p><img loading=\"lazy\" decoding=\"async\" class=\"alignnone wp-image-2387\" src=\"http:\/\/mycosmos.eu\/wp-content\/uploads\/2017\/05\/led-Sternenhimmel-Decke-sternschnuppe-kaufen-musik-fazern-optisch-Milchstra\u00dfe-fur-mit-licht-lampe-Galaxis-funkeln-luxus-MyCosmos-200x300.jpg\" alt=\"led Sternenhimmel Decke sternschnuppe kaufen musik fazern optisch Milchstra\u00dfe fur mit licht lampe Galaxis funkeln luxus MyCosmos\" width=\"465\" height=\"698\" srcset=\"https:\/\/mycosmos.eu\/wp-content\/uploads\/2017\/05\/led-Sternenhimmel-Decke-sternschnuppe-kaufen-musik-fazern-optisch-Milchstra\u00dfe-fur-mit-licht-lampe-Galaxis-funkeln-luxus-MyCosmos-200x300.jpg 200w, https:\/\/mycosmos.eu\/wp-content\/uploads\/2017\/05\/led-Sternenhimmel-Decke-sternschnuppe-kaufen-musik-fazern-optisch-Milchstra\u00dfe-fur-mit-licht-lampe-Galaxis-funkeln-luxus-MyCosmos.jpg 683w, https:\/\/mycosmos.eu\/wp-content\/uploads\/2017\/05\/led-Sternenhimmel-Decke-sternschnuppe-kaufen-musik-fazern-optisch-Milchstra\u00dfe-fur-mit-licht-lampe-Galaxis-funkeln-luxus-MyCosmos-550x825.jpg 550w\" sizes=\"auto, (max-width: 465px) 100vw, 465px\" \/><\/p>\n<p><strong><span style=\"font-size: 25px;\">Steinwolle Deckenfliesen<\/span><\/strong><br \/>\nAkustikplatten in verschiedenen Farben und in gro\u00dfen Formaten mit 4 cm Randabschluss. Dies ist eine sehr einfache Deckenmontage.<\/p>\n<p><img loading=\"lazy\" decoding=\"async\" class=\"alignnone wp-image-2402 size-large\" src=\"http:\/\/mycosmos.eu\/wp-content\/uploads\/2017\/05\/Sternenhimmel-led-abgeh\u00e4ngte-Decke-kaufen-fazern-optisch-luxus-fur-mit-licht-lampe-sternschnuppe-mycosmos-1024x512.jpg\" alt=\"Sternenhimmel led abgeh\u00e4ngte Decke kaufen fazern optisch luxus fur mit licht lampe sternschnuppe mycosmos\" width=\"710\" height=\"355\" srcset=\"https:\/\/mycosmos.eu\/wp-content\/uploads\/2017\/05\/Sternenhimmel-led-abgeh\u00e4ngte-Decke-kaufen-fazern-optisch-luxus-fur-mit-licht-lampe-sternschnuppe-mycosmos.jpg 1024w, https:\/\/mycosmos.eu\/wp-content\/uploads\/2017\/05\/Sternenhimmel-led-abgeh\u00e4ngte-Decke-kaufen-fazern-optisch-luxus-fur-mit-licht-lampe-sternschnuppe-mycosmos-300x150.jpg 300w, https:\/\/mycosmos.eu\/wp-content\/uploads\/2017\/05\/Sternenhimmel-led-abgeh\u00e4ngte-Decke-kaufen-fazern-optisch-luxus-fur-mit-licht-lampe-sternschnuppe-mycosmos-768x384.jpg 768w, https:\/\/mycosmos.eu\/wp-content\/uploads\/2017\/05\/Sternenhimmel-led-abgeh\u00e4ngte-Decke-kaufen-fazern-optisch-luxus-fur-mit-licht-lampe-sternschnuppe-mycosmos-652x326.jpg 652w\" sizes=\"auto, (max-width: 710px) 100vw, 710px\" \/><\/p>\n<p><span style=\"text-decoration: underline;\"><strong><span style=\"font-size: 25px;\">Sternen<\/span><\/strong><\/span><\/p>\n<p style=\"padding-left: 30px;\"><span style=\"font-size: 20px;\">Schattierungen von wei\u00dfen LED Licht<br \/>\n7\u00a0Faseroptische Durchmesser<br \/>\nFunkeln<br \/>\nFunkeln\u00a0Geschwindigkeit einstellbar von 0 bis 100%, sehen Sie das Video mit der Geschwindigkeit bei 85%.<br \/>\nHelligkeitsschwankungen<br \/>\nOptional: Farbige Sterne<br \/>\nDimmbare LED<br \/>\nKonstellationen \/ Sternzeichen<br \/>\nMilchstra\u00dfe<br \/>\nHunderte und Tausende von Sternen.<\/span><\/p>\n<p style=\"padding-left: 30px;\"><img loading=\"lazy\" decoding=\"async\" class=\"alignnone wp-image-2638\" src=\"http:\/\/mycosmos.eu\/wp-content\/uploads\/2016\/07\/Sternenhimmel-Decke-led-Badezimmer-beleuchtung-glasfaser-Milchstra\u00dfe-mycosmos-kaufen-fur-mit-licht-lampe-schlafzimmer-sternschnuppe-sauna-luxus-300x215.jpg\" alt=\"Sternenhimmel Decke led Badezimmer beleuchtung glasfaser Milchstra\u00dfe mycosmos kaufen fur mit licht lampe schlafzimmer sternschnuppe sauna luxus\" width=\"774\" height=\"555\" srcset=\"https:\/\/mycosmos.eu\/wp-content\/uploads\/2016\/07\/Sternenhimmel-Decke-led-Badezimmer-beleuchtung-glasfaser-Milchstra\u00dfe-mycosmos-kaufen-fur-mit-licht-lampe-schlafzimmer-sternschnuppe-sauna-luxus-300x215.jpg 300w, https:\/\/mycosmos.eu\/wp-content\/uploads\/2016\/07\/Sternenhimmel-Decke-led-Badezimmer-beleuchtung-glasfaser-Milchstra\u00dfe-mycosmos-kaufen-fur-mit-licht-lampe-schlafzimmer-sternschnuppe-sauna-luxus-768x550.jpg 768w, https:\/\/mycosmos.eu\/wp-content\/uploads\/2016\/07\/Sternenhimmel-Decke-led-Badezimmer-beleuchtung-glasfaser-Milchstra\u00dfe-mycosmos-kaufen-fur-mit-licht-lampe-schlafzimmer-sternschnuppe-sauna-luxus-652x467.jpg 652w, https:\/\/mycosmos.eu\/wp-content\/uploads\/2016\/07\/Sternenhimmel-Decke-led-Badezimmer-beleuchtung-glasfaser-Milchstra\u00dfe-mycosmos-kaufen-fur-mit-licht-lampe-schlafzimmer-sternschnuppe-sauna-luxus.jpg 800w\" sizes=\"auto, (max-width: 774px) 100vw, 774px\" \/><\/p>\n<p style=\"padding-left: 30px;\">Sternschnuppe \/ Meteoriten<br \/>\nDie\u00a0Sternschnuppe pas alle 100 Sekunden, auch mit Timer-Einstellung<\/p>\n<div style=\"width: 360px;\" class=\"wp-video\"><video class=\"wp-video-shortcode\" id=\"video-3887-1\" width=\"360\" height=\"640\" preload=\"metadata\" controls=\"controls\"><source type=\"video\/mp4\" src=\"http:\/\/mycosmos.eu\/wp-content\/uploads\/2017\/09\/MyCosmos-85-prc-sterren-twinkeling.mp4?_=1\" \/><a href=\"http:\/\/mycosmos.eu\/wp-content\/uploads\/2017\/09\/MyCosmos-85-prc-sterren-twinkeling.mp4\">http:\/\/mycosmos.eu\/wp-content\/uploads\/2017\/09\/MyCosmos-85-prc-sterren-twinkeling.mp4<\/a><\/video><\/div>\n<p>&nbsp;<\/p>\n<div style=\"width: 710px;\" class=\"wp-video\"><video class=\"wp-video-shortcode\" id=\"video-3887-2\" width=\"710\" height=\"399\" preload=\"metadata\" controls=\"controls\"><source type=\"video\/mp4\" src=\"http:\/\/mycosmos.eu\/wp-content\/uploads\/2017\/03\/Star-Ceiling-fiber-optic-LED-lighting-lights-design-shooting-stars-milky-way-meteors-realistic-exclusive-1-2.mp4?_=2\" \/><a href=\"http:\/\/mycosmos.eu\/wp-content\/uploads\/2017\/03\/Star-Ceiling-fiber-optic-LED-lighting-lights-design-shooting-stars-milky-way-meteors-realistic-exclusive-1-2.mp4\">http:\/\/mycosmos.eu\/wp-content\/uploads\/2017\/03\/Star-Ceiling-fiber-optic-LED-lighting-lights-design-shooting-stars-milky-way-meteors-realistic-exclusive-1-2.mp4<\/a><\/video><\/div>\n<p>&nbsp;<\/p>\n<p><span style=\"text-decoration: underline;\"><strong><span style=\"font-size: 25px;\">Deckenmontage<\/span><\/strong><\/span><\/p>\n<p style=\"padding-left: 30px;\"><span style=\"font-size: 20px;\">H\u00f6henverstellbare Kabel<br \/>\n&#8220;Klicken System&#8221;<br \/>\nMagnetaufh\u00e4ngung<br \/>\nKleben<br \/>\nIndirekter Beleuchtung<br \/>\nKantenbearbeitung<br \/>\nMehrere Tafeln:<br \/>\n12 Volt Kabelanschluss<br \/>\nLamellenanschluss + V-Naht<br \/>\nNahtlos<\/span><\/p>\n<h2 style=\"font-size: 60px;\"><span style=\"color: #141515;\">Schlafzimmer Sternenhimmel\u00a0LED<\/span><\/h2>\n<h2 id=\"tw-target-text\" class=\"tw-data-text tw-ta tw-text-large\" dir=\"ltr\" data-placeholder=\"Translation\"><a href=\"\/?page_id=3530\"><span lang=\"de\" style=\"color: #ff6600;\">Preise<\/span><\/a><\/h2>\n<p>&nbsp;<\/p>\n<h2 style=\"font-size: 60px;\"><span style=\"color: #141515;\">Lichterhimmel led<\/span><\/h2>\n<h2 style=\"font-size: 60px;\"><span style=\"color: #141515;\">Beleuchtung sternenhimmel bad<\/span><br \/>\n<span style=\"color: #141515;\">LED\u00a0lichtfaser sternenhimmel<\/span><br \/>\n<span style=\"color: #141515;\">Bad beleuchtung sternenhimmel<\/span><br \/>\n<span style=\"color: #141515;\">Sternenhimmel fertig kaufen<\/span><br \/>\n<span style=\"color: #141515;\">Sternenhimmel f\u00fcr badezimmer<\/span><br \/>\n<span style=\"color: #141515;\">LED\u00a0sternenhimmel fertig kaufen<\/span><br \/>\n<span style=\"color: #141515;\">Sternenhimmel kleben<\/span><br \/>\n<span style=\"color: #141515;\">Sterne decke schlafzimmer<\/span><br \/>\n<span style=\"color: #141515;\">Sternenhimmel led kaufen<\/span><\/h2>\n","protected":false},"excerpt":{"rendered":"<p>Spezifikationen Leistung 1 bis 3 Watt pro Quadratmeter Steuerung durch HF-Fernbedienung Steuerung durch tabled \/ smartphone mit Free App und Timer Die durchschnittliche Decke wird um 5 cm gesenkt Minimaler Platz hinter der Decke 5 cm (0 bis 2 cm m\u00f6glich) Von 100 Sternen pro Kubikmeter bis zu 500 Sternen Milchstra\u00dfe &nbsp; Materialien &nbsp; Pappel &hellip;<\/p>\n","protected":false},"author":1,"featured_media":0,"parent":0,"menu_order":0,"comment_status":"closed","ping_status":"closed","template":"","meta":{"footnotes":""},"class_list":["post-3887","page","type-page","status-publish","hentry","no-thumb"],"_links":{"self":[{"href":"https:\/\/mycosmos.eu\/de\/wp-json\/wp\/v2\/pages\/3887","targetHints":{"allow":["GET"]}}],"collection":[{"href":"https:\/\/mycosmos.eu\/de\/wp-json\/wp\/v2\/pages"}],"about":[{"href":"https:\/\/mycosmos.eu\/de\/wp-json\/wp\/v2\/types\/page"}],"author":[{"embeddable":true,"href":"https:\/\/mycosmos.eu\/de\/wp-json\/wp\/v2\/users\/1"}],"replies":[{"embeddable":true,"href":"https:\/\/mycosmos.eu\/de\/wp-json\/wp\/v2\/comments?post=3887"}],"version-history":[{"count":25,"href":"https:\/\/mycosmos.eu\/de\/wp-json\/wp\/v2\/pages\/3887\/revisions"}],"predecessor-version":[{"id":4494,"href":"https:\/\/mycosmos.eu\/de\/wp-json\/wp\/v2\/pages\/3887\/revisions\/4494"}],"wp:attachment":[{"href":"https:\/\/mycosmos.eu\/de\/wp-json\/wp\/v2\/media?parent=3887"}],"curies":[{"name":"wp","href":"https:\/\/api.w.org\/{rel}","templated":true}]}}